{"id":743,"date":"2024-10-23T14:04:03","date_gmt":"2024-10-23T12:04:03","guid":{"rendered":"https:\/\/hegymaszasoktatas.hu\/?page_id=743"},"modified":"2024-10-23T14:29:35","modified_gmt":"2024-10-23T12:29:35","slug":"berles","status":"publish","type":"page","link":"https:\/\/hegymaszasoktatas.hu\/?page_id=743","title":{"rendered":"B\u00e9rl\u00e9s"},"content":{"rendered":"<div id=\"pl-743\"  class=\"panel-layout\" ><div id=\"pg-743-0\"  class=\"panel-grid panel-no-style\" ><div id=\"pgc-743-0-0\"  class=\"panel-grid-cell\" ><div id=\"panel-743-0-0-0\" class=\"so-panel widget widget_lsow-team-members panel-first-child\" data-index=\"0\" ><div\n\t\t\t\n\t\t\tclass=\"so-widget-lsow-team-members so-widget-lsow-team-members-style1-d75171398898-743\"\n\t\t\t\n\t\t>\n<h3 class=\"widget-title\">Felszerel\u00e9sb\u00e9rl\u00e9s<\/h3><div class=\"lsow-team-members lsow-style1 lsow-grid-container  lsow-grid-desktop-4 lsow-grid-tablet-2 lsow-grid-mobile-1\"><div class=\"lsow-grid-item lsow-team-member-wrapper\"><div class=\"lsow-team-member \" ><div class=\"lsow-image-wrapper\"><img loading=\"lazy\" decoding=\"async\" width=\"310\" height=\"300\" src=\"https:\/\/hegymaszasoktatas.hu\/wp-content\/uploads\/2024\/10\/M0017-310x300.jpg\" class=\"lsow-image\" alt=\"\" \/><div class=\"lsow-social-wrap\"><div class=\"lsow-social-list\"><\/div><!-- .lsow-social-list --><\/div><!-- .lsow-social-wrap --><\/div><!-- .lsow-image-wrapper --><div class=\"lsow-team-member-text\"><h3 class=\"lsow-title\">Via ferr\u00e1ta szett<\/h3><div class=\"lsow-team-member-position\">4000,-ft\/ nap<\/div><div class=\"lsow-team-member-details\">Be\u00fcl\u0151, Y- kant\u00e1r, Sisak<\/div><\/div><!-- .lsow-team-member-text --><\/div><!-- .lsow-team-member --><\/div><!-- .lsow-team-member-wrapper --><div class=\"lsow-grid-item lsow-team-member-wrapper\"><div class=\"lsow-team-member \" ><div class=\"lsow-image-wrapper\"><img loading=\"lazy\" decoding=\"async\" width=\"310\" height=\"300\" src=\"https:\/\/hegymaszasoktatas.hu\/wp-content\/uploads\/2024\/10\/3681873f-lavinovy-set-pieps-set-sport-310x300.jpg\" class=\"lsow-image\" alt=\"\" \/><div class=\"lsow-social-wrap\"><div class=\"lsow-social-list\"><\/div><!-- .lsow-social-list --><\/div><!-- .lsow-social-wrap --><\/div><!-- .lsow-image-wrapper --><div class=\"lsow-team-member-text\"><h3 class=\"lsow-title\">Lavinaszett<\/h3><div class=\"lsow-team-member-position\">4000,-ft\/nap<\/div><div class=\"lsow-team-member-details\">Jelad\u00f3, szonda, lap\u00e1t<\/div><\/div><!-- .lsow-team-member-text --><\/div><!-- .lsow-team-member --><\/div><!-- .lsow-team-member-wrapper --><div class=\"lsow-grid-item lsow-team-member-wrapper\"><div class=\"lsow-team-member \" ><div class=\"lsow-image-wrapper\"><img loading=\"lazy\" decoding=\"async\" width=\"310\" height=\"300\" src=\"https:\/\/hegymaszasoktatas.hu\/wp-content\/uploads\/2024\/10\/5013214_NOC02__52331-310x300.jpg\" class=\"lsow-image\" alt=\"\" \/><div class=\"lsow-social-wrap\"><div class=\"lsow-social-list\"><\/div><!-- .lsow-social-list --><\/div><!-- .lsow-social-wrap --><\/div><!-- .lsow-image-wrapper --><div class=\"lsow-team-member-text\"><h3 class=\"lsow-title\">J\u00e9gcs\u00e1k\u00e1ny<\/h3><div class=\"lsow-team-member-position\">1000,-ft\/nap<\/div><div class=\"lsow-team-member-details\">Klasszikus t\u00faraj\u00e9gcs\u00e1k\u00e1ny<\/div><\/div><!-- .lsow-team-member-text --><\/div><!-- .lsow-team-member --><\/div><!-- .lsow-team-member-wrapper --><div class=\"lsow-grid-item lsow-team-member-wrapper\"><div class=\"lsow-team-member \" ><div class=\"lsow-image-wrapper\"><img loading=\"lazy\" decoding=\"async\" width=\"310\" height=\"300\" src=\"https:\/\/hegymaszasoktatas.hu\/wp-content\/uploads\/2024\/10\/2769888_big-310x300.png\" class=\"lsow-image\" alt=\"\" \/><div class=\"lsow-social-wrap\"><div class=\"lsow-social-list\"><\/div><!-- .lsow-social-list --><\/div><!-- .lsow-social-wrap --><\/div><!-- .lsow-image-wrapper --><div class=\"lsow-team-member-text\"><h3 class=\"lsow-title\">H\u00e1g\u00f3vas<\/h3><div class=\"lsow-team-member-position\">1000,-ft\/nap<\/div><div class=\"lsow-team-member-details\">Klasszikus, 12 fogas h\u00e1g\u00f3vas. K\u00f6t\u00f6z\u0151s vagy f\u00e9lautomata<\/div><\/div><!-- .lsow-team-member-text --><\/div><!-- .lsow-team-member --><\/div><!-- .lsow-team-member-wrapper --><\/div><!-- .lsow-team-members --><div class=\"lsow-clear\"><\/div><\/div><\/div><div id=\"panel-743-0-0-1\" class=\"so-panel widget widget_lsow-hero-image panel-last-child\" data-index=\"1\" ><div\n\t\t\t\n\t\t\tclass=\"so-widget-lsow-hero-image so-widget-lsow-hero-image-default-cfb90a810367-743\"\n\t\t\t\n\t\t>\n<h3 class=\"widget-title\">Mi\u00e9rt n\u00e1lunk?<\/h3>\n<div class=\"lsow-hero-header lsow-section-bg-parallax\" >\n\n    \n    <div class=\"lsow-background\">\n\n        \n            \n            \n                \n                    <div class=\"lsow-parallax-bg\"\n                         style=\"background-image: url(https:\/\/hegymaszasoktatas.hu\/wp-content\/uploads\/2024\/02\/DSC_0086-scaled.jpg);\"><\/div>\n\n                \n            \n        \n    <\/div><!-- .lsow-background -->\n\n    \n        <div class=\"lsow-overlay\" style=\"background-color: rgba(51, 51, 51, 0.3);\"><\/div>\n\n    \n    <div class=\"lsow-header-content\">\n\n        \n            <div class=\"lsow-standard-header\">\n\n                <div class=\"lsow-subheading\">Csak a haszn\u00e1lat napj\u00e1t fizeted<\/div>\n                <h3 class=\"lsow-heading\">Egyes\u00fcleti tagoknak minden b\u00e9rl\u00e9sb\u0151l 50% kedvezm\u00e9ny<\/h3>\n                \n                    <a class=\"lsow-button lsow-trans\"\n                       href=\"https:\/\/hegymaszasoktatas.hu\/?page_id=754\"\n                        >\u00c9rdekel<\/a>\n\n                \n            <\/div>\n\n        \n    <\/div>\n\n    \n<\/div><\/div><\/div><\/div><\/div><\/div>","protected":false},"excerpt":{"rendered":"<p>Felszerel\u00e9sb\u00e9rl\u00e9sVia ferr\u00e1ta szett4000,-ft\/ napBe\u00fcl\u0151, Y- kant\u00e1r, SisakLavinaszett4000,-ft\/napJelad\u00f3, szonda, lap\u00e1tJ\u00e9gcs\u00e1k\u00e1ny1000,-ft\/napKlasszikus t\u00faraj\u00e9gcs\u00e1k\u00e1nyH\u00e1g\u00f3vas1000,-ft\/napKlasszikus, 12 fogas h\u00e1g\u00f3vas. K\u00f6t\u00f6z\u0151s vagy f\u00e9lautomata Mi\u00e9rt n\u00e1lunk? Csak a haszn\u00e1lat napj\u00e1t fizeted Egyes\u00fcleti tagoknak &hellip;<\/p>\n","protected":false},"author":1,"featured_media":0,"parent":0,"menu_order":0,"comment_status":"closed","ping_status":"closed","template":"","meta":{"footnotes":""},"class_list":["post-743","page","type-page","status-publish","hentry"],"yoast_head":"<!-- This site is optimized with the Yoast SEO plugin v27.4 - https:\/\/yoast.com\/product\/yoast-seo-wordpress\/ -->\n<title>B\u00e9rl\u00e9s - M\u00e1sz\u00e1soktat\u00e1s<\/title>\n<meta name=\"description\" content=\"Egyes\u00fclet\u00fcnkn\u00e9l lehet\u0151s\u00e9getek ny\u00edlik felszerel\u00e9sb\u00e9rl\u00e9sre is, legyen sz\u00f3 via ferr\u00e1ta szett\u0151l a t\u00e9li m\u00e1sz\u00e1shoz sz\u00fcks\u00e9ges eszk\u00f6z\u00f6kig.\" \/>\n<meta name=\"robots\" content=\"index, follow, max-snippet:-1, max-image-preview:large, max-video-preview:-1\" \/>\n<link rel=\"canonical\" href=\"https:\/\/hegymaszasoktatas.hu\/?page_id=743\" \/>\n<meta property=\"og:locale\" content=\"hu_HU\" \/>\n<meta property=\"og:type\" content=\"article\" \/>\n<meta property=\"og:title\" content=\"B\u00e9rl\u00e9s - M\u00e1sz\u00e1soktat\u00e1s\" \/>\n<meta property=\"og:description\" content=\"Egyes\u00fclet\u00fcnkn\u00e9l lehet\u0151s\u00e9getek ny\u00edlik felszerel\u00e9sb\u00e9rl\u00e9sre is, legyen sz\u00f3 via ferr\u00e1ta szett\u0151l a t\u00e9li m\u00e1sz\u00e1shoz sz\u00fcks\u00e9ges eszk\u00f6z\u00f6kig.\" \/>\n<meta property=\"og:url\" content=\"https:\/\/hegymaszasoktatas.hu\/?page_id=743\" \/>\n<meta property=\"og:site_name\" content=\"M\u00e1sz\u00e1soktat\u00e1s\" \/>\n<meta property=\"article:publisher\" content=\"https:\/\/www.facebook.com\/climbingeducation\/\" \/>\n<meta property=\"article:modified_time\" content=\"2024-10-23T12:29:35+00:00\" \/>\n<meta name=\"twitter:card\" content=\"summary_large_image\" \/>\n<meta name=\"twitter:label1\" content=\"Becs\u00fclt olvas\u00e1si id\u0151\" \/>\n\t<meta name=\"twitter:data1\" content=\"2 perc\" \/>\n<script type=\"application\/ld+json\" class=\"yoast-schema-graph\">{\"@context\":\"https:\\\/\\\/schema.org\",\"@graph\":[{\"@type\":\"WebPage\",\"@id\":\"https:\\\/\\\/hegymaszasoktatas.hu\\\/?page_id=743\",\"url\":\"https:\\\/\\\/hegymaszasoktatas.hu\\\/?page_id=743\",\"name\":\"B\u00e9rl\u00e9s - M\u00e1sz\u00e1soktat\u00e1s\",\"isPartOf\":{\"@id\":\"https:\\\/\\\/hegymaszasoktatas.hu\\\/#website\"},\"datePublished\":\"2024-10-23T12:04:03+00:00\",\"dateModified\":\"2024-10-23T12:29:35+00:00\",\"description\":\"Egyes\u00fclet\u00fcnkn\u00e9l lehet\u0151s\u00e9getek ny\u00edlik felszerel\u00e9sb\u00e9rl\u00e9sre is, legyen sz\u00f3 via ferr\u00e1ta szett\u0151l a t\u00e9li m\u00e1sz\u00e1shoz sz\u00fcks\u00e9ges eszk\u00f6z\u00f6kig.\",\"breadcrumb\":{\"@id\":\"https:\\\/\\\/hegymaszasoktatas.hu\\\/?page_id=743#breadcrumb\"},\"inLanguage\":\"hu\",\"potentialAction\":[{\"@type\":\"ReadAction\",\"target\":[\"https:\\\/\\\/hegymaszasoktatas.hu\\\/?page_id=743\"]}]},{\"@type\":\"BreadcrumbList\",\"@id\":\"https:\\\/\\\/hegymaszasoktatas.hu\\\/?page_id=743#breadcrumb\",\"itemListElement\":[{\"@type\":\"ListItem\",\"position\":1,\"name\":\"Kezd\u0151lap\",\"item\":\"https:\\\/\\\/hegymaszasoktatas.hu\\\/\"},{\"@type\":\"ListItem\",\"position\":2,\"name\":\"B\u00e9rl\u00e9s\"}]},{\"@type\":\"WebSite\",\"@id\":\"https:\\\/\\\/hegymaszasoktatas.hu\\\/#website\",\"url\":\"https:\\\/\\\/hegymaszasoktatas.hu\\\/\",\"name\":\"M\u00e1sz\u00e1soktat\u00e1s\",\"description\":\"Minden l\u00e9p\u00e9s tan\u00edt, minden cs\u00facs inspir\u00e1l\",\"publisher\":{\"@id\":\"https:\\\/\\\/hegymaszasoktatas.hu\\\/#organization\"},\"potentialAction\":[{\"@type\":\"SearchAction\",\"target\":{\"@type\":\"EntryPoint\",\"urlTemplate\":\"https:\\\/\\\/hegymaszasoktatas.hu\\\/?s={search_term_string}\"},\"query-input\":{\"@type\":\"PropertyValueSpecification\",\"valueRequired\":true,\"valueName\":\"search_term_string\"}}],\"inLanguage\":\"hu\"},{\"@type\":\"Organization\",\"@id\":\"https:\\\/\\\/hegymaszasoktatas.hu\\\/#organization\",\"name\":\"M\u00e1sz\u00e1soktat\u00e1s\",\"url\":\"https:\\\/\\\/hegymaszasoktatas.hu\\\/\",\"logo\":{\"@type\":\"ImageObject\",\"inLanguage\":\"hu\",\"@id\":\"https:\\\/\\\/hegymaszasoktatas.hu\\\/#\\\/schema\\\/logo\\\/image\\\/\",\"url\":\"https:\\\/\\\/hegymaszasoktatas.hu\\\/wp-content\\\/uploads\\\/2023\\\/08\\\/cropped-FullLogo_Transparent_NoBuffer.png\",\"contentUrl\":\"https:\\\/\\\/hegymaszasoktatas.hu\\\/wp-content\\\/uploads\\\/2023\\\/08\\\/cropped-FullLogo_Transparent_NoBuffer.png\",\"width\":1279,\"height\":1043,\"caption\":\"M\u00e1sz\u00e1soktat\u00e1s\"},\"image\":{\"@id\":\"https:\\\/\\\/hegymaszasoktatas.hu\\\/#\\\/schema\\\/logo\\\/image\\\/\"},\"sameAs\":[\"https:\\\/\\\/www.facebook.com\\\/climbingeducation\\\/\"]}]}<\/script>\n<!-- \/ Yoast SEO plugin. -->","yoast_head_json":{"title":"B\u00e9rl\u00e9s - M\u00e1sz\u00e1soktat\u00e1s","description":"Egyes\u00fclet\u00fcnkn\u00e9l lehet\u0151s\u00e9getek ny\u00edlik felszerel\u00e9sb\u00e9rl\u00e9sre is, legyen sz\u00f3 via ferr\u00e1ta szett\u0151l a t\u00e9li m\u00e1sz\u00e1shoz sz\u00fcks\u00e9ges eszk\u00f6z\u00f6kig.","robots":{"index":"index","follow":"follow","max-snippet":"max-snippet:-1","max-image-preview":"max-image-preview:large","max-video-preview":"max-video-preview:-1"},"canonical":"https:\/\/hegymaszasoktatas.hu\/?page_id=743","og_locale":"hu_HU","og_type":"article","og_title":"B\u00e9rl\u00e9s - M\u00e1sz\u00e1soktat\u00e1s","og_description":"Egyes\u00fclet\u00fcnkn\u00e9l lehet\u0151s\u00e9getek ny\u00edlik felszerel\u00e9sb\u00e9rl\u00e9sre is, legyen sz\u00f3 via ferr\u00e1ta szett\u0151l a t\u00e9li m\u00e1sz\u00e1shoz sz\u00fcks\u00e9ges eszk\u00f6z\u00f6kig.","og_url":"https:\/\/hegymaszasoktatas.hu\/?page_id=743","og_site_name":"M\u00e1sz\u00e1soktat\u00e1s","article_publisher":"https:\/\/www.facebook.com\/climbingeducation\/","article_modified_time":"2024-10-23T12:29:35+00:00","twitter_card":"summary_large_image","twitter_misc":{"Becs\u00fclt olvas\u00e1si id\u0151":"2 perc"},"schema":{"@context":"https:\/\/schema.org","@graph":[{"@type":"WebPage","@id":"https:\/\/hegymaszasoktatas.hu\/?page_id=743","url":"https:\/\/hegymaszasoktatas.hu\/?page_id=743","name":"B\u00e9rl\u00e9s - M\u00e1sz\u00e1soktat\u00e1s","isPartOf":{"@id":"https:\/\/hegymaszasoktatas.hu\/#website"},"datePublished":"2024-10-23T12:04:03+00:00","dateModified":"2024-10-23T12:29:35+00:00","description":"Egyes\u00fclet\u00fcnkn\u00e9l lehet\u0151s\u00e9getek ny\u00edlik felszerel\u00e9sb\u00e9rl\u00e9sre is, legyen sz\u00f3 via ferr\u00e1ta szett\u0151l a t\u00e9li m\u00e1sz\u00e1shoz sz\u00fcks\u00e9ges eszk\u00f6z\u00f6kig.","breadcrumb":{"@id":"https:\/\/hegymaszasoktatas.hu\/?page_id=743#breadcrumb"},"inLanguage":"hu","potentialAction":[{"@type":"ReadAction","target":["https:\/\/hegymaszasoktatas.hu\/?page_id=743"]}]},{"@type":"BreadcrumbList","@id":"https:\/\/hegymaszasoktatas.hu\/?page_id=743#breadcrumb","itemListElement":[{"@type":"ListItem","position":1,"name":"Kezd\u0151lap","item":"https:\/\/hegymaszasoktatas.hu\/"},{"@type":"ListItem","position":2,"name":"B\u00e9rl\u00e9s"}]},{"@type":"WebSite","@id":"https:\/\/hegymaszasoktatas.hu\/#website","url":"https:\/\/hegymaszasoktatas.hu\/","name":"M\u00e1sz\u00e1soktat\u00e1s","description":"Minden l\u00e9p\u00e9s tan\u00edt, minden cs\u00facs inspir\u00e1l","publisher":{"@id":"https:\/\/hegymaszasoktatas.hu\/#organization"},"potentialAction":[{"@type":"SearchAction","target":{"@type":"EntryPoint","urlTemplate":"https:\/\/hegymaszasoktatas.hu\/?s={search_term_string}"},"query-input":{"@type":"PropertyValueSpecification","valueRequired":true,"valueName":"search_term_string"}}],"inLanguage":"hu"},{"@type":"Organization","@id":"https:\/\/hegymaszasoktatas.hu\/#organization","name":"M\u00e1sz\u00e1soktat\u00e1s","url":"https:\/\/hegymaszasoktatas.hu\/","logo":{"@type":"ImageObject","inLanguage":"hu","@id":"https:\/\/hegymaszasoktatas.hu\/#\/schema\/logo\/image\/","url":"https:\/\/hegymaszasoktatas.hu\/wp-content\/uploads\/2023\/08\/cropped-FullLogo_Transparent_NoBuffer.png","contentUrl":"https:\/\/hegymaszasoktatas.hu\/wp-content\/uploads\/2023\/08\/cropped-FullLogo_Transparent_NoBuffer.png","width":1279,"height":1043,"caption":"M\u00e1sz\u00e1soktat\u00e1s"},"image":{"@id":"https:\/\/hegymaszasoktatas.hu\/#\/schema\/logo\/image\/"},"sameAs":["https:\/\/www.facebook.com\/climbingeducation\/"]}]}},"featured_media_urls":[],"_links":{"self":[{"href":"https:\/\/hegymaszasoktatas.hu\/index.php?rest_route=\/wp\/v2\/pages\/743","targetHints":{"allow":["GET"]}}],"collection":[{"href":"https:\/\/hegymaszasoktatas.hu\/index.php?rest_route=\/wp\/v2\/pages"}],"about":[{"href":"https:\/\/hegymaszasoktatas.hu\/index.php?rest_route=\/wp\/v2\/types\/page"}],"author":[{"embeddable":true,"href":"https:\/\/hegymaszasoktatas.hu\/index.php?rest_route=\/wp\/v2\/users\/1"}],"replies":[{"embeddable":true,"href":"https:\/\/hegymaszasoktatas.hu\/index.php?rest_route=%2Fwp%2Fv2%2Fcomments&post=743"}],"version-history":[{"count":7,"href":"https:\/\/hegymaszasoktatas.hu\/index.php?rest_route=\/wp\/v2\/pages\/743\/revisions"}],"predecessor-version":[{"id":758,"href":"https:\/\/hegymaszasoktatas.hu\/index.php?rest_route=\/wp\/v2\/pages\/743\/revisions\/758"}],"wp:attachment":[{"href":"https:\/\/hegymaszasoktatas.hu\/index.php?rest_route=%2Fwp%2Fv2%2Fmedia&parent=743"}],"curies":[{"name":"wp","href":"https:\/\/api.w.org\/{rel}","templated":true}]}}