{"id":70,"date":"2023-08-28T08:59:43","date_gmt":"2023-08-28T06:59:43","guid":{"rendered":"https:\/\/hegymaszasoktatas.hu\/?page_id=70"},"modified":"2024-02-01T16:00:36","modified_gmt":"2024-02-01T15:00:36","slug":"kepzeseink","status":"publish","type":"page","link":"https:\/\/hegymaszasoktatas.hu\/?page_id=70","title":{"rendered":"K\u00e9pz\u00e9seink"},"content":{"rendered":"<div id=\"pl-70\"  class=\"panel-layout\" ><div id=\"pg-70-0\"  class=\"panel-grid panel-no-style\" ><div id=\"pgc-70-0-0\"  class=\"panel-grid-cell\" ><div id=\"panel-70-0-0-0\" class=\"so-panel widget widget_text panel-first-child panel-last-child\" data-index=\"0\" >\t\t\t<div class=\"textwidget\"><p>Elt\u00f6k\u00e9ltek vagyunk abban, hogy az oktat\u00e1saink \u00e9lvezhet\u0151ek, \u00e1t\u00e9lhet\u0151ek \u00e9s mindenki sz\u00e1m\u00e1ra \u00e9lm\u00e9nyteliek legyenek, ilyen m\u00f3don szerettetve meg ezt a sportot az \u00e9rdekl\u0151d\u0151kkel. Mi nem csak oktatni szeretn\u00e9nk, hanem egy olyan k\u00f6z\u00f6ss\u00e9get l\u00e9trehozni a Magyar m\u00e1sz\u00f3vil\u00e1gban, akik egym\u00e1sb\u00f3l motiv\u00e1ci\u00f3t nyerve egyre t\u00e1volabbi c\u00e9lokat \u00e9rhetnek el. Ezek miatt a k\u00e9pz\u00e9seink spektruma a kezd\u0151t\u0151l a halad\u00f3ig mindent lefed, \u00e9s mindenhez azt az oktat\u00f3t deleg\u00e1ljuk, aki a legkompetensebb az adott k\u00e9rd\u00e9sben. V\u00e9g\u00fcl pedig a r\u00e9szk\u00e9pz\u00e9sek szint\u00e9zisek\u00e9nt hoztuk l\u00e9tre a Hegym\u00e1sz\u00f3 Akad\u00e9mi\u00e1nkat, amiben nem csup\u00e1n az itt l\u00e1that\u00f3 modul\u00e1ris tud\u00e1selemek tehet\u0151k zsebre, hanem egy komplex vil\u00e1g, a hegy \u00e9s sziklam\u00e1sz\u00e1s vil\u00e1ga \ud83d\ude42<\/p>\n<\/div>\n\t\t<\/div><\/div><div id=\"pgc-70-0-1\"  class=\"panel-grid-cell\" ><div id=\"panel-70-0-1-0\" class=\"so-panel widget widget_sow-video panel-first-child panel-last-child\" data-index=\"1\" ><div\n\t\t\t\n\t\t\tclass=\"so-widget-sow-video so-widget-sow-video-default-c08170c47cfb-70\"\n\t\t\t\n\t\t>\n<div class=\"sow-video-wrapper\n\">\n\t\t\t<iframe loading=\"lazy\" title=\"Mi kell ahhoz, hogy elkezdj szikl\u00e1t m\u00e1szni? Mire figyelj v\u00e1s\u00e1rl\u00e1skor? Mutatjuk! (Els\u0151 r\u00e9sz)\" width=\"1032\" height=\"581\" src=\"https:\/\/www.youtube.com\/embed\/HQquAzAwcek?feature=oembed&enablejsapi=1\" frameborder=\"0\" allow=\"accelerometer; autoplay; clipboard-write; encrypted-media; gyroscope; picture-in-picture; web-share\" referrerpolicy=\"strict-origin-when-cross-origin\" allowfullscreen allowfullscreen mozallowfullscreen webkitallowfullscreen sandbox=\"allow-scripts allow-same-origin allow-presentation\"><\/iframe>\t<\/div>\n<\/div><\/div><\/div><\/div><div id=\"pg-70-1\"  class=\"panel-grid panel-no-style\" ><div id=\"pgc-70-1-0\"  class=\"panel-grid-cell\" ><div id=\"panel-70-1-0-0\" class=\"so-panel widget widget_siteorigin-panels-builder panel-first-child panel-last-child\" data-index=\"2\" ><div id=\"pl-w65bbb214db8a6\"  class=\"panel-layout\" ><div id=\"pg-w65bbb214db8a6-0\"  class=\"panel-grid panel-no-style\" ><div id=\"pgc-w65bbb214db8a6-0-0\"  class=\"panel-grid-cell\" ><div id=\"panel-w65bbb214db8a6-0-0-0\" class=\"so-panel widget widget_sow-features panel-first-child panel-last-child\" data-index=\"0\" ><div class=\"panel-widget-style panel-widget-style-for-w65bbb214db8a6-0-0-0\" ><div\n\t\t\t\n\t\t\tclass=\"so-widget-sow-features so-widget-sow-features-default-c740ca113645\"\n\t\t\t\n\t\t><ul\n\tclass=\"sow-features-list\n\tsow-features-responsive\">\n\n\t\t\t<li\n\t\t\tclass=\"sow-features-feature sow-icon-container-position-top\"\n\t\t\tstyle=\"display: flex; flex-direction: column; width: calc(100% - 0px);\"\n\t\t>\n\t\t\t\n\t\t\t\t\t\t\t<div class=\"sow-features-feature-right-left-container\" style=\"display: flex; flex-direction: inherit;\">\n\t\t\t\t\t\t\t<div\t\t\t\tclass=\"sow-icon-container sow-container-round\"\n\t\t\t\tstyle=\"color: #ffffff; \"\n\t\t\t\t\n\t\t\t\t\t\t\t>\n\t\t\t\t\t\t\t\t\t\t<div class=\"sow-icon-image\" style=\"background-image: url(https:\/\/hegymaszasoktatas.hu\/wp-content\/uploads\/2023\/12\/fixed_rope_route-512-1406803136-150x150.png); font-size: 48px\"><\/div>\n\t\t\t\t\t\t\t\t\t<\/div>\n\n\t\t\t<div class=\"textwidget\">\n\t\t\t\t\t\t\t\t\t<div class=\"sow-features-feature-content\">\n\t\t\t\t\n\t\t\t\t\t\t\t\t\t<h5 class=\"sow-features-feature-title\">\n\t\t\t\t\t\tVia Ferrata\t\t\t\t\t<\/h5>\n\t\t\t\t\n\t\t\t\t\t\t\t\t\t<div class=\"sow-features-feature-text\">\n\t\t\t\t\t<div class=\"lsow-team-member-details\" style=\"text-align: left\">A via ferrata, vagyis dr\u00f3tsodronyokkal \u00e9s l\u00e1ncokkal, l\u00e9tr\u00e1kkal biztos\u00edtott kitett terepen val\u00f3 mozg\u00e1s egyre nagyobb n\u00e9pszer\u0171s\u00e9gnek \u00f6rvend, k\u00f6sz\u00f6nhet\u0151en a j\u00f3 megk\u00f6zel\u00edthet\u0151s\u00e9gnek, hogy b\u00e1rki sz\u00e1m\u00e1ra viszonylag kev\u00e9s technikai tud\u00e1ssal el\u00e9rhet\u0151 m\u00e9gis hatalmas kih\u00edv\u00e1sokat \u00e9s kalandot hordoz mag\u00e1ban.<\/div>\n\t\t\t\t\t<\/div>\n\t\t\t\t\t\t\t\t\t\t<\/div>\n\t\t\t\t\t<p class=\"sow-more-text\">\n\t\t\t\t\t\t<a href=\"https:\/\/hegymaszasoktatas.hu\/?page_id=31\" >\t\t\t\t\t\tMegn\u00e9zem a k\u00e9pz\u00e9seket\t\t\t\t\t\t<\/a>\t\t\t\t\t<\/p>\n\t\t\t\t\t\t\t<\/div>\n\t\t\t\t\t\t\t<\/div>\n\t\t\t\t\t\t\t\t<\/li>\n\n\t\t\t<li\n\t\t\tclass=\"sow-features-feature sow-icon-container-position-top\"\n\t\t\tstyle=\"display: flex; flex-direction: column; width: calc(100% - 0px);\"\n\t\t>\n\t\t\t\n\t\t\t\t\t\t\t<div class=\"sow-features-feature-right-left-container\" style=\"display: flex; flex-direction: inherit;\">\n\t\t\t\t\t\t\t<div\t\t\t\tclass=\"sow-icon-container sow-container-round\"\n\t\t\t\tstyle=\"color: #ffffff; \"\n\t\t\t\t\n\t\t\t\t\t\t\t>\n\t\t\t\t\t\t\t\t\t\t<div class=\"sow-icon-image\" style=\"background-image: url(https:\/\/hegymaszasoktatas.hu\/wp-content\/uploads\/2023\/12\/climbing-icon-29-2833784388-150x150.png); font-size: 48px\"><\/div>\n\t\t\t\t\t\t\t\t\t<\/div>\n\n\t\t\t<div class=\"textwidget\">\n\t\t\t\t\t\t\t\t\t<div class=\"sow-features-feature-content\">\n\t\t\t\t\n\t\t\t\t\t\t\t\t\t<h5 class=\"sow-features-feature-title\">\n\t\t\t\t\t\tSziklam\u00e1sz\u00e1s\t\t\t\t\t<\/h5>\n\t\t\t\t\n\t\t\t\t\t\t\t\t\t<div class=\"sow-features-feature-text\">\n\t\t\t\t\t<p style=\"text-align: left\">T\u00f6bb k\u00fcl\u00f6nb\u00f6z\u0151 t\u00edpus\u00fa sziklam\u00e1sz\u00f3 k\u00e9pz\u00e9seket tartunk kifejezetten kezd\u0151knek \u00e9s halad\u00f3knak is egyar\u00e1nt. Ezeken a tanfolyamokon megtanulhatod az eszk\u00f6z\u00f6k haszn\u00e1lat\u00e1t, a biztons\u00e1gi szempontokat, biztos\u00edt\u00e1si l\u00e1ncot, a szikl\u00e1n val\u00f3 mozg\u00e1st, falrajzokat \u00e9s sz\u00e1mtalan mindent, aminek eredm\u00e9nyek\u00e9nt a kezd\u0151 k\u00e9pz\u00e9s v\u00e9gezt\u00e9vel \u00f6n\u00e1ll\u00f3an k\u00e9pes leszel egy k\u00f6teles m\u00e1sz\u00f3iskol\u00e1kban b\u00e1tran \u00e9s biztons\u00e1gosan m\u00e1szni \u00e9s biztos\u00edtani, m\u00edg a halad\u00f3 k\u00e9pz\u00e9s ut\u00e1n, t\u00f6bb k\u00f6t\u00e9lhosszas utakba is m\u00e1r b\u00e1tran belev\u00e1ghatsz.<\/p>\n\t\t\t\t\t<\/div>\n\t\t\t\t\t\t\t\t\t\t<\/div>\n\t\t\t\t\t<p class=\"sow-more-text\">\n\t\t\t\t\t\t<a href=\"https:\/\/hegymaszasoktatas.hu\/?page_id=33\" >\t\t\t\t\t\tMegn\u00e9zem a k\u00e9pz\u00e9seket\t\t\t\t\t\t<\/a>\t\t\t\t\t<\/p>\n\t\t\t\t\t\t\t<\/div>\n\t\t\t\t\t\t\t<\/div>\n\t\t\t\t\t\t\t\t<\/li>\n\n\t<\/ul>\n<\/div><\/div><\/div><\/div><div id=\"pgc-w65bbb214db8a6-0-1\"  class=\"panel-grid-cell\" ><div id=\"panel-w65bbb214db8a6-0-1-0\" class=\"so-panel widget widget_sow-video panel-first-child\" data-index=\"1\" ><div\n\t\t\t\n\t\t\tclass=\"so-widget-sow-video so-widget-sow-video-default-c08170c47cfb\"\n\t\t\t\n\t\t>\n<div class=\"sow-video-wrapper\n\">\n\t\t\t<iframe loading=\"lazy\" title=\"M\u00e1sz\u00e1soktat\u00e1s - Via ferrata, Sziklam\u00e1sz\u00e1s\" width=\"1032\" height=\"581\" src=\"https:\/\/www.youtube.com\/embed\/TaoLTxH3NPM?feature=oembed&autoplay=1&mute=1&enablejsapi=1\" frameborder=\"0\" allow=\"accelerometer; autoplay; clipboard-write; encrypted-media; gyroscope; picture-in-picture; web-share\" referrerpolicy=\"strict-origin-when-cross-origin\" allowfullscreen allowfullscreen mozallowfullscreen webkitallowfullscreen sandbox=\"allow-scripts allow-same-origin allow-presentation\"><\/iframe>\t<\/div>\n<\/div><\/div><div id=\"panel-w65bbb214db8a6-0-1-1\" class=\"so-panel widget widget_sow-video panel-last-child\" data-index=\"2\" ><div\n\t\t\t\n\t\t\tclass=\"so-widget-sow-video so-widget-sow-video-default-c08170c47cfb\"\n\t\t\t\n\t\t>\n<div class=\"sow-video-wrapper\n\">\n\t\t\t<iframe loading=\"lazy\" title=\"Els\u0151seg\u00e9ly: Bevezet\u0151 #1\" width=\"1032\" height=\"581\" src=\"https:\/\/www.youtube.com\/embed\/_n_dAWycvL8?feature=oembed&enablejsapi=1\" frameborder=\"0\" allow=\"accelerometer; autoplay; clipboard-write; encrypted-media; gyroscope; picture-in-picture; web-share\" referrerpolicy=\"strict-origin-when-cross-origin\" allowfullscreen allowfullscreen mozallowfullscreen webkitallowfullscreen sandbox=\"allow-scripts allow-same-origin allow-presentation\"><\/iframe>\t<\/div>\n<\/div><\/div><\/div><div id=\"pgc-w65bbb214db8a6-0-2\"  class=\"panel-grid-cell\" ><div id=\"panel-w65bbb214db8a6-0-2-0\" class=\"so-panel widget widget_sow-features panel-first-child panel-last-child\" data-index=\"3\" ><div class=\"panel-widget-style panel-widget-style-for-w65bbb214db8a6-0-2-0\" ><div\n\t\t\t\n\t\t\tclass=\"so-widget-sow-features so-widget-sow-features-default-c740ca113645\"\n\t\t\t\n\t\t><ul\n\tclass=\"sow-features-list\n\tsow-features-responsive\">\n\n\t\t\t<li\n\t\t\tclass=\"sow-features-feature sow-icon-container-position-top\"\n\t\t\tstyle=\"display: flex; flex-direction: column; width: calc(100% - 0px);\"\n\t\t>\n\t\t\t\n\t\t\t\t\t\t\t<div class=\"sow-features-feature-right-left-container\" style=\"display: flex; flex-direction: inherit;\">\n\t\t\t\t\t\t\t<div\t\t\t\tclass=\"sow-icon-container sow-container-round\"\n\t\t\t\tstyle=\"color: #ffffff; \"\n\t\t\t\t\n\t\t\t\t\t\t\t>\n\t\t\t\t\t\t\t\t\t\t<div class=\"sow-icon-image\" style=\"background-image: url(https:\/\/hegymaszasoktatas.hu\/wp-content\/uploads\/2023\/12\/Humans-11-1024-504996705-150x150.png); font-size: 48px\"><\/div>\n\t\t\t\t\t\t\t\t\t<\/div>\n\n\t\t\t<div class=\"textwidget\">\n\t\t\t\t\t\t\t\t\t<div class=\"sow-features-feature-content\">\n\t\t\t\t\n\t\t\t\t\t\t\t\t\t<h5 class=\"sow-features-feature-title\">\n\t\t\t\t\t\tHegym\u00e1sz\u00e1s\t\t\t\t\t<\/h5>\n\t\t\t\t\n\t\t\t\t\t\t\t\t\t<div class=\"sow-features-feature-text\">\n\t\t\t\t\t<p style=\"text-align: right\">Hegym\u00e1sz\u00f3k\u00e9pz\u00e9seink sor\u00e1n biztons\u00e1gos k\u00f6rnyezetben ismerkedhetsz meg a magashegyek vil\u00e1g\u00e1val, megtanulhatod az itt sz\u00fcks\u00e9ges mozg\u00e1st, a j\u00e9gcs\u00e1k\u00e1nyok haszn\u00e1lat\u00e1t, a gleccserj\u00e1r\u00e1s alapjait, a lavinaismeret fort\u00e9lyait \u00e9s mindazt, ami k\u00e9pess\u00e9 tesz t\u00e9ged arra, hogy \u00f6n\u00e1ll\u00f3an megm\u00e1ssz nagy klasszikus cs\u00facsokat.<\/p>\n\t\t\t\t\t<\/div>\n\t\t\t\t\t\t\t\t\t\t<\/div>\n\t\t\t\t\t<p class=\"sow-more-text\">\n\t\t\t\t\t\t<a href=\"https:\/\/hegymaszasoktatas.hu\/?page_id=35\" >\t\t\t\t\t\tMegn\u00e9zem a k\u00e9pz\u00e9seket\t\t\t\t\t\t<\/a>\t\t\t\t\t<\/p>\n\t\t\t\t\t\t\t<\/div>\n\t\t\t\t\t\t\t<\/div>\n\t\t\t\t\t\t\t\t<\/li>\n\n\t\t\t<li\n\t\t\tclass=\"sow-features-feature sow-icon-container-position-top\"\n\t\t\tstyle=\"display: flex; flex-direction: column; width: calc(100% - 0px);\"\n\t\t>\n\t\t\t\n\t\t\t\t\t\t\t<div class=\"sow-features-feature-right-left-container\" style=\"display: flex; flex-direction: inherit;\">\n\t\t\t\t\t\t\t<div\t\t\t\tclass=\"sow-icon-container sow-container-round\"\n\t\t\t\tstyle=\"color: #ffffff; \"\n\t\t\t\t\n\t\t\t\t\t\t\t>\n\t\t\t\t\t\t\t\t\t\t<div class=\"sow-icon-image\" style=\"background-image: url(https:\/\/hegymaszasoktatas.hu\/wp-content\/uploads\/2023\/12\/first-aid-kit-icon-free-vector-150x150.jpg); font-size: 48px\"><\/div>\n\t\t\t\t\t\t\t\t\t<\/div>\n\n\t\t\t<div class=\"textwidget\">\n\t\t\t\t\t\t\t\t\t<div class=\"sow-features-feature-content\">\n\t\t\t\t\n\t\t\t\t\t\t\t\t\t<h5 class=\"sow-features-feature-title\">\n\t\t\t\t\t\tOutdoor els\u0151seg\u00e9lyny\u00fajt\u00e1s\t\t\t\t\t<\/h5>\n\t\t\t\t\n\t\t\t\t\t\t\t\t\t<div class=\"sow-features-feature-text\">\n\t\t\t\t\t<p style=\"text-align: right\">Hegyet vagy szikl\u00e1t m\u00e1szol? Sokat mozogsz outdoor k\u00f6r\u00fclm\u00e9nyek k\u00f6z\u00f6tt? Mit csin\u00e1ln\u00e1l, ha b\u00e1rmi baj t\u00f6rt\u00e9nne? Balesetek b\u00e1rmikor t\u00f6rt\u00e9nhetnek \u00e9s ilyenkor a megold\u00e1s a Te kezedben kell, hogy legyen; f\u0151leg olyan ter\u00fcleteken, ahol a szervezett ment\u00e9s csak k\u00e9slekedve \u00e9rhet\u0151 el. Itt megtanulhatod, hogyan kezeld ezeket a helyzeteket a lehet\u0151 legnagyobb szak\u00e9rtelemmel, hogy minden helyzetb\u0151l siker\u00fclj\u00f6n a legjobbat kihoznod!<\/p>\n\t\t\t\t\t<\/div>\n\t\t\t\t\t\t\t\t\t\t<\/div>\n\t\t\t\t\t<p class=\"sow-more-text\">\n\t\t\t\t\t\t<a href=\"https:\/\/hegymaszasoktatas.hu\/?page_id=37\" >\t\t\t\t\t\tMegn\u00e9zem a k\u00e9pz\u00e9seket\t\t\t\t\t\t<\/a>\t\t\t\t\t<\/p>\n\t\t\t\t\t\t\t<\/div>\n\t\t\t\t\t\t\t<\/div>\n\t\t\t\t\t\t\t\t<\/li>\n\n\t<\/ul>\n<\/div><\/div><\/div><\/div><\/div><\/div><\/div><\/div><\/div><\/div>","protected":false},"excerpt":{"rendered":"<p>Elt\u00f6k\u00e9ltek vagyunk abban, hogy az oktat\u00e1saink \u00e9lvezhet\u0151ek, \u00e1t\u00e9lhet\u0151ek \u00e9s mindenki sz\u00e1m\u00e1ra \u00e9lm\u00e9nyteliek legyenek, ilyen m\u00f3don szerettetve meg ezt a sportot az \u00e9rdekl\u0151d\u0151kkel. Mi nem csak &hellip;<\/p>\n","protected":false},"author":1,"featured_media":0,"parent":0,"menu_order":0,"comment_status":"closed","ping_status":"closed","template":"","meta":{"footnotes":""},"class_list":["post-70","page","type-page","status-publish","hentry"],"yoast_head":"<!-- This site is optimized with the Yoast SEO plugin v27.5 - https:\/\/yoast.com\/product\/yoast-seo-wordpress\/ -->\n<title>K\u00e9pz\u00e9seink - M\u00e1sz\u00e1soktat\u00e1s<\/title>\n<meta name=\"description\" content=\"Hegym\u00e1sz\u00f3 vagy sziklam\u00e1sz\u00f3 k\u00e9pz\u00e9s \u00e9rdekel? Kezd\u0151 vagy halad\u00f3 Via Ferrata vagy esetleg hegyi els\u0151seg\u00e9ly? N\u00e9zz be hozz\u00e1nk \u00e9s mindent megtal\u00e1lsz!\" \/>\n<meta name=\"robots\" content=\"index, follow, max-snippet:-1, max-image-preview:large, max-video-preview:-1\" \/>\n<link rel=\"canonical\" href=\"https:\/\/hegymaszasoktatas.hu\/?page_id=70\" \/>\n<meta property=\"og:locale\" content=\"hu_HU\" \/>\n<meta property=\"og:type\" content=\"article\" \/>\n<meta property=\"og:title\" content=\"K\u00e9pz\u00e9seink - M\u00e1sz\u00e1soktat\u00e1s\" \/>\n<meta property=\"og:description\" content=\"Hegym\u00e1sz\u00f3 vagy sziklam\u00e1sz\u00f3 k\u00e9pz\u00e9s \u00e9rdekel? Kezd\u0151 vagy halad\u00f3 Via Ferrata vagy esetleg hegyi els\u0151seg\u00e9ly? N\u00e9zz be hozz\u00e1nk \u00e9s mindent megtal\u00e1lsz!\" \/>\n<meta property=\"og:url\" content=\"https:\/\/hegymaszasoktatas.hu\/?page_id=70\" \/>\n<meta property=\"og:site_name\" content=\"M\u00e1sz\u00e1soktat\u00e1s\" \/>\n<meta property=\"article:publisher\" content=\"https:\/\/www.facebook.com\/climbingeducation\/\" \/>\n<meta property=\"article:modified_time\" content=\"2024-02-01T15:00:36+00:00\" \/>\n<meta name=\"twitter:card\" content=\"summary_large_image\" \/>\n<meta name=\"twitter:label1\" content=\"Becs\u00fclt olvas\u00e1si id\u0151\" \/>\n\t<meta name=\"twitter:data1\" content=\"2 perc\" \/>\n<script type=\"application\/ld+json\" class=\"yoast-schema-graph\">{\"@context\":\"https:\\\/\\\/schema.org\",\"@graph\":[{\"@type\":\"WebPage\",\"@id\":\"https:\\\/\\\/hegymaszasoktatas.hu\\\/?page_id=70\",\"url\":\"https:\\\/\\\/hegymaszasoktatas.hu\\\/?page_id=70\",\"name\":\"K\u00e9pz\u00e9seink - M\u00e1sz\u00e1soktat\u00e1s\",\"isPartOf\":{\"@id\":\"https:\\\/\\\/hegymaszasoktatas.hu\\\/#website\"},\"datePublished\":\"2023-08-28T06:59:43+00:00\",\"dateModified\":\"2024-02-01T15:00:36+00:00\",\"description\":\"Hegym\u00e1sz\u00f3 vagy sziklam\u00e1sz\u00f3 k\u00e9pz\u00e9s \u00e9rdekel? Kezd\u0151 vagy halad\u00f3 Via Ferrata vagy esetleg hegyi els\u0151seg\u00e9ly? N\u00e9zz be hozz\u00e1nk \u00e9s mindent megtal\u00e1lsz!\",\"breadcrumb\":{\"@id\":\"https:\\\/\\\/hegymaszasoktatas.hu\\\/?page_id=70#breadcrumb\"},\"inLanguage\":\"hu\",\"potentialAction\":[{\"@type\":\"ReadAction\",\"target\":[\"https:\\\/\\\/hegymaszasoktatas.hu\\\/?page_id=70\"]}]},{\"@type\":\"BreadcrumbList\",\"@id\":\"https:\\\/\\\/hegymaszasoktatas.hu\\\/?page_id=70#breadcrumb\",\"itemListElement\":[{\"@type\":\"ListItem\",\"position\":1,\"name\":\"Kezd\u0151lap\",\"item\":\"https:\\\/\\\/hegymaszasoktatas.hu\\\/\"},{\"@type\":\"ListItem\",\"position\":2,\"name\":\"K\u00e9pz\u00e9seink\"}]},{\"@type\":\"WebSite\",\"@id\":\"https:\\\/\\\/hegymaszasoktatas.hu\\\/#website\",\"url\":\"https:\\\/\\\/hegymaszasoktatas.hu\\\/\",\"name\":\"M\u00e1sz\u00e1soktat\u00e1s\",\"description\":\"Minden l\u00e9p\u00e9s tan\u00edt, minden cs\u00facs inspir\u00e1l\",\"publisher\":{\"@id\":\"https:\\\/\\\/hegymaszasoktatas.hu\\\/#organization\"},\"potentialAction\":[{\"@type\":\"SearchAction\",\"target\":{\"@type\":\"EntryPoint\",\"urlTemplate\":\"https:\\\/\\\/hegymaszasoktatas.hu\\\/?s={search_term_string}\"},\"query-input\":{\"@type\":\"PropertyValueSpecification\",\"valueRequired\":true,\"valueName\":\"search_term_string\"}}],\"inLanguage\":\"hu\"},{\"@type\":\"Organization\",\"@id\":\"https:\\\/\\\/hegymaszasoktatas.hu\\\/#organization\",\"name\":\"M\u00e1sz\u00e1soktat\u00e1s\",\"url\":\"https:\\\/\\\/hegymaszasoktatas.hu\\\/\",\"logo\":{\"@type\":\"ImageObject\",\"inLanguage\":\"hu\",\"@id\":\"https:\\\/\\\/hegymaszasoktatas.hu\\\/#\\\/schema\\\/logo\\\/image\\\/\",\"url\":\"https:\\\/\\\/hegymaszasoktatas.hu\\\/wp-content\\\/uploads\\\/2023\\\/08\\\/cropped-FullLogo_Transparent_NoBuffer.png\",\"contentUrl\":\"https:\\\/\\\/hegymaszasoktatas.hu\\\/wp-content\\\/uploads\\\/2023\\\/08\\\/cropped-FullLogo_Transparent_NoBuffer.png\",\"width\":1279,\"height\":1043,\"caption\":\"M\u00e1sz\u00e1soktat\u00e1s\"},\"image\":{\"@id\":\"https:\\\/\\\/hegymaszasoktatas.hu\\\/#\\\/schema\\\/logo\\\/image\\\/\"},\"sameAs\":[\"https:\\\/\\\/www.facebook.com\\\/climbingeducation\\\/\"]}]}<\/script>\n<!-- \/ Yoast SEO plugin. -->","yoast_head_json":{"title":"K\u00e9pz\u00e9seink - M\u00e1sz\u00e1soktat\u00e1s","description":"Hegym\u00e1sz\u00f3 vagy sziklam\u00e1sz\u00f3 k\u00e9pz\u00e9s \u00e9rdekel? Kezd\u0151 vagy halad\u00f3 Via Ferrata vagy esetleg hegyi els\u0151seg\u00e9ly? N\u00e9zz be hozz\u00e1nk \u00e9s mindent megtal\u00e1lsz!","robots":{"index":"index","follow":"follow","max-snippet":"max-snippet:-1","max-image-preview":"max-image-preview:large","max-video-preview":"max-video-preview:-1"},"canonical":"https:\/\/hegymaszasoktatas.hu\/?page_id=70","og_locale":"hu_HU","og_type":"article","og_title":"K\u00e9pz\u00e9seink - M\u00e1sz\u00e1soktat\u00e1s","og_description":"Hegym\u00e1sz\u00f3 vagy sziklam\u00e1sz\u00f3 k\u00e9pz\u00e9s \u00e9rdekel? Kezd\u0151 vagy halad\u00f3 Via Ferrata vagy esetleg hegyi els\u0151seg\u00e9ly? N\u00e9zz be hozz\u00e1nk \u00e9s mindent megtal\u00e1lsz!","og_url":"https:\/\/hegymaszasoktatas.hu\/?page_id=70","og_site_name":"M\u00e1sz\u00e1soktat\u00e1s","article_publisher":"https:\/\/www.facebook.com\/climbingeducation\/","article_modified_time":"2024-02-01T15:00:36+00:00","twitter_card":"summary_large_image","twitter_misc":{"Becs\u00fclt olvas\u00e1si id\u0151":"2 perc"},"schema":{"@context":"https:\/\/schema.org","@graph":[{"@type":"WebPage","@id":"https:\/\/hegymaszasoktatas.hu\/?page_id=70","url":"https:\/\/hegymaszasoktatas.hu\/?page_id=70","name":"K\u00e9pz\u00e9seink - M\u00e1sz\u00e1soktat\u00e1s","isPartOf":{"@id":"https:\/\/hegymaszasoktatas.hu\/#website"},"datePublished":"2023-08-28T06:59:43+00:00","dateModified":"2024-02-01T15:00:36+00:00","description":"Hegym\u00e1sz\u00f3 vagy sziklam\u00e1sz\u00f3 k\u00e9pz\u00e9s \u00e9rdekel? Kezd\u0151 vagy halad\u00f3 Via Ferrata vagy esetleg hegyi els\u0151seg\u00e9ly? N\u00e9zz be hozz\u00e1nk \u00e9s mindent megtal\u00e1lsz!","breadcrumb":{"@id":"https:\/\/hegymaszasoktatas.hu\/?page_id=70#breadcrumb"},"inLanguage":"hu","potentialAction":[{"@type":"ReadAction","target":["https:\/\/hegymaszasoktatas.hu\/?page_id=70"]}]},{"@type":"BreadcrumbList","@id":"https:\/\/hegymaszasoktatas.hu\/?page_id=70#breadcrumb","itemListElement":[{"@type":"ListItem","position":1,"name":"Kezd\u0151lap","item":"https:\/\/hegymaszasoktatas.hu\/"},{"@type":"ListItem","position":2,"name":"K\u00e9pz\u00e9seink"}]},{"@type":"WebSite","@id":"https:\/\/hegymaszasoktatas.hu\/#website","url":"https:\/\/hegymaszasoktatas.hu\/","name":"M\u00e1sz\u00e1soktat\u00e1s","description":"Minden l\u00e9p\u00e9s tan\u00edt, minden cs\u00facs inspir\u00e1l","publisher":{"@id":"https:\/\/hegymaszasoktatas.hu\/#organization"},"potentialAction":[{"@type":"SearchAction","target":{"@type":"EntryPoint","urlTemplate":"https:\/\/hegymaszasoktatas.hu\/?s={search_term_string}"},"query-input":{"@type":"PropertyValueSpecification","valueRequired":true,"valueName":"search_term_string"}}],"inLanguage":"hu"},{"@type":"Organization","@id":"https:\/\/hegymaszasoktatas.hu\/#organization","name":"M\u00e1sz\u00e1soktat\u00e1s","url":"https:\/\/hegymaszasoktatas.hu\/","logo":{"@type":"ImageObject","inLanguage":"hu","@id":"https:\/\/hegymaszasoktatas.hu\/#\/schema\/logo\/image\/","url":"https:\/\/hegymaszasoktatas.hu\/wp-content\/uploads\/2023\/08\/cropped-FullLogo_Transparent_NoBuffer.png","contentUrl":"https:\/\/hegymaszasoktatas.hu\/wp-content\/uploads\/2023\/08\/cropped-FullLogo_Transparent_NoBuffer.png","width":1279,"height":1043,"caption":"M\u00e1sz\u00e1soktat\u00e1s"},"image":{"@id":"https:\/\/hegymaszasoktatas.hu\/#\/schema\/logo\/image\/"},"sameAs":["https:\/\/www.facebook.com\/climbingeducation\/"]}]}},"featured_media_urls":[],"_links":{"self":[{"href":"https:\/\/hegymaszasoktatas.hu\/index.php?rest_route=\/wp\/v2\/pages\/70","targetHints":{"allow":["GET"]}}],"collection":[{"href":"https:\/\/hegymaszasoktatas.hu\/index.php?rest_route=\/wp\/v2\/pages"}],"about":[{"href":"https:\/\/hegymaszasoktatas.hu\/index.php?rest_route=\/wp\/v2\/types\/page"}],"author":[{"embeddable":true,"href":"https:\/\/hegymaszasoktatas.hu\/index.php?rest_route=\/wp\/v2\/users\/1"}],"replies":[{"embeddable":true,"href":"https:\/\/hegymaszasoktatas.hu\/index.php?rest_route=%2Fwp%2Fv2%2Fcomments&post=70"}],"version-history":[{"count":39,"href":"https:\/\/hegymaszasoktatas.hu\/index.php?rest_route=\/wp\/v2\/pages\/70\/revisions"}],"predecessor-version":[{"id":549,"href":"https:\/\/hegymaszasoktatas.hu\/index.php?rest_route=\/wp\/v2\/pages\/70\/revisions\/549"}],"wp:attachment":[{"href":"https:\/\/hegymaszasoktatas.hu\/index.php?rest_route=%2Fwp%2Fv2%2Fmedia&parent=70"}],"curies":[{"name":"wp","href":"https:\/\/api.w.org\/{rel}","templated":true}]}}