{"id":35,"date":"2023-08-27T08:41:06","date_gmt":"2023-08-27T06:41:06","guid":{"rendered":"https:\/\/hegymaszasoktatas.hu\/?page_id=35"},"modified":"2026-03-15T09:40:02","modified_gmt":"2026-03-15T08:40:02","slug":"hegymaszas","status":"publish","type":"page","link":"https:\/\/hegymaszasoktatas.hu\/?page_id=35","title":{"rendered":"Hegym\u00e1sz\u00e1s"},"content":{"rendered":"<div id=\"pl-35\"  class=\"panel-layout\" ><div id=\"pg-35-0\"  class=\"panel-grid panel-no-style\" ><div id=\"pgc-35-0-0\"  class=\"panel-grid-cell\" ><div id=\"panel-35-0-0-0\" class=\"so-panel widget widget_sow-slider panel-first-child panel-last-child\" data-index=\"0\" ><div\n\t\t\t\n\t\t\tclass=\"so-widget-sow-slider so-widget-sow-slider-default-6d39609536fd-35\"\n\t\t\t\n\t\t>\t\t\t\t<div class=\"sow-slider-base\" style=\"display: none\" tabindex=\"0\">\n\t\t\t\t\t<ul\n\t\t\t\t\tclass=\"sow-slider-images\"\n\t\t\t\t\tdata-settings=\"{&quot;pagination&quot;:true,&quot;speed&quot;:800,&quot;timeout&quot;:8000,&quot;paused&quot;:false,&quot;pause_on_hover&quot;:false,&quot;swipe&quot;:true,&quot;nav_always_show_desktop&quot;:&quot;&quot;,&quot;nav_always_show_mobile&quot;:&quot;&quot;,&quot;breakpoint&quot;:&quot;780px&quot;,&quot;unmute&quot;:false,&quot;anchor&quot;:null}\"\n\t\t\t\t\t\t\t\t\t\tdata-anchor-id=\"\"\n\t\t\t\t>\t\t<li class=\"sow-slider-image\" style=\"visibility: visible;\" >\n\t\t\t\t\t\t<div class=\"sow-slider-image-container\">\n\t\t\t\t<div class=\"sow-slider-image-wrapper\" style=\"max-width: 1571px\">\n\t\t\t\t\t\t\t\t\t\t<div class=\"sow-slider-image-foreground-wrapper\">\n\t\t\t\t\t\t<img loading=\"lazy\" decoding=\"async\" width=\"1571\" height=\"884\" src=\"https:\/\/hegymaszasoktatas.hu\/wp-content\/uploads\/2023\/09\/DSC_3949.jpg\" class=\"sow-slider-foreground-image\" alt=\"\" style=\"\" srcset=\"https:\/\/hegymaszasoktatas.hu\/wp-content\/uploads\/2023\/09\/DSC_3949.jpg 1571w, https:\/\/hegymaszasoktatas.hu\/wp-content\/uploads\/2023\/09\/DSC_3949-300x169.jpg 300w, https:\/\/hegymaszasoktatas.hu\/wp-content\/uploads\/2023\/09\/DSC_3949-1024x576.jpg 1024w, https:\/\/hegymaszasoktatas.hu\/wp-content\/uploads\/2023\/09\/DSC_3949-768x432.jpg 768w, https:\/\/hegymaszasoktatas.hu\/wp-content\/uploads\/2023\/09\/DSC_3949-1536x864.jpg 1536w, https:\/\/hegymaszasoktatas.hu\/wp-content\/uploads\/2023\/09\/DSC_3949-533x300.jpg 533w, https:\/\/hegymaszasoktatas.hu\/wp-content\/uploads\/2023\/09\/DSC_3949-600x338.jpg 600w, https:\/\/hegymaszasoktatas.hu\/wp-content\/uploads\/2023\/09\/DSC_3949-1200x675.jpg 1200w\" sizes=\"auto, (max-width: 1571px) 100vw, 1571px\" \/>\t\t\t\t\t<\/div>\n\t\t\t\t\t\t\t\t\t<\/div>\n\t\t\t<\/div>\n\t\t\t\t\t<\/li>\n\t\t\t\t<li class=\"sow-slider-image\" style=\"visibility: hidden;\" >\n\t\t\t\t\t\t<div class=\"sow-slider-image-container\">\n\t\t\t\t<div class=\"sow-slider-image-wrapper\" style=\"max-width: 1179px\">\n\t\t\t\t\t\t\t\t\t\t<div class=\"sow-slider-image-foreground-wrapper\">\n\t\t\t\t\t\t<img loading=\"lazy\" decoding=\"async\" width=\"1179\" height=\"884\" src=\"https:\/\/hegymaszasoktatas.hu\/wp-content\/uploads\/2023\/09\/IMG_5604.jpg\" class=\"sow-slider-foreground-image\" alt=\"\" style=\"\" srcset=\"https:\/\/hegymaszasoktatas.hu\/wp-content\/uploads\/2023\/09\/IMG_5604.jpg 1179w, https:\/\/hegymaszasoktatas.hu\/wp-content\/uploads\/2023\/09\/IMG_5604-300x225.jpg 300w, https:\/\/hegymaszasoktatas.hu\/wp-content\/uploads\/2023\/09\/IMG_5604-1024x768.jpg 1024w, https:\/\/hegymaszasoktatas.hu\/wp-content\/uploads\/2023\/09\/IMG_5604-768x576.jpg 768w, https:\/\/hegymaszasoktatas.hu\/wp-content\/uploads\/2023\/09\/IMG_5604-400x300.jpg 400w, https:\/\/hegymaszasoktatas.hu\/wp-content\/uploads\/2023\/09\/IMG_5604-600x450.jpg 600w\" sizes=\"auto, (max-width: 1179px) 100vw, 1179px\" \/>\t\t\t\t\t<\/div>\n\t\t\t\t\t\t\t\t\t<\/div>\n\t\t\t<\/div>\n\t\t\t\t\t<\/li>\n\t\t\t\t<li class=\"sow-slider-image\" style=\"visibility: hidden;\" >\n\t\t\t\t\t\t<div class=\"sow-slider-image-container\">\n\t\t\t\t<div class=\"sow-slider-image-wrapper\" style=\"max-width: 2560px\">\n\t\t\t\t\t\t\t\t\t\t<div class=\"sow-slider-image-foreground-wrapper\">\n\t\t\t\t\t\t<img loading=\"lazy\" decoding=\"async\" width=\"2560\" height=\"1440\" src=\"https:\/\/hegymaszasoktatas.hu\/wp-content\/uploads\/2023\/09\/DSC_3937-scaled.jpg\" class=\"sow-slider-foreground-image\" alt=\"\" style=\"\" srcset=\"https:\/\/hegymaszasoktatas.hu\/wp-content\/uploads\/2023\/09\/DSC_3937-scaled.jpg 2560w, https:\/\/hegymaszasoktatas.hu\/wp-content\/uploads\/2023\/09\/DSC_3937-300x169.jpg 300w, https:\/\/hegymaszasoktatas.hu\/wp-content\/uploads\/2023\/09\/DSC_3937-1024x576.jpg 1024w, https:\/\/hegymaszasoktatas.hu\/wp-content\/uploads\/2023\/09\/DSC_3937-768x432.jpg 768w, https:\/\/hegymaszasoktatas.hu\/wp-content\/uploads\/2023\/09\/DSC_3937-1536x864.jpg 1536w, https:\/\/hegymaszasoktatas.hu\/wp-content\/uploads\/2023\/09\/DSC_3937-2048x1152.jpg 2048w, https:\/\/hegymaszasoktatas.hu\/wp-content\/uploads\/2023\/09\/DSC_3937-533x300.jpg 533w, https:\/\/hegymaszasoktatas.hu\/wp-content\/uploads\/2023\/09\/DSC_3937-600x338.jpg 600w, https:\/\/hegymaszasoktatas.hu\/wp-content\/uploads\/2023\/09\/DSC_3937-1200x675.jpg 1200w\" sizes=\"auto, (max-width: 2560px) 100vw, 2560px\" \/>\t\t\t\t\t<\/div>\n\t\t\t\t\t\t\t\t\t<\/div>\n\t\t\t<\/div>\n\t\t\t\t\t<\/li>\n\t\t\t\t<li class=\"sow-slider-image\" style=\"visibility: hidden;\" >\n\t\t\t\t\t\t<div class=\"sow-slider-image-container\">\n\t\t\t\t<div class=\"sow-slider-image-wrapper\" style=\"max-width: 1179px\">\n\t\t\t\t\t\t\t\t\t\t<div class=\"sow-slider-image-foreground-wrapper\">\n\t\t\t\t\t\t<img loading=\"lazy\" decoding=\"async\" width=\"1179\" height=\"884\" src=\"https:\/\/hegymaszasoktatas.hu\/wp-content\/uploads\/2023\/09\/20171203_095831.jpg\" class=\"sow-slider-foreground-image\" alt=\"\" style=\"\" srcset=\"https:\/\/hegymaszasoktatas.hu\/wp-content\/uploads\/2023\/09\/20171203_095831.jpg 1179w, https:\/\/hegymaszasoktatas.hu\/wp-content\/uploads\/2023\/09\/20171203_095831-300x225.jpg 300w, https:\/\/hegymaszasoktatas.hu\/wp-content\/uploads\/2023\/09\/20171203_095831-1024x768.jpg 1024w, https:\/\/hegymaszasoktatas.hu\/wp-content\/uploads\/2023\/09\/20171203_095831-768x576.jpg 768w, https:\/\/hegymaszasoktatas.hu\/wp-content\/uploads\/2023\/09\/20171203_095831-400x300.jpg 400w, https:\/\/hegymaszasoktatas.hu\/wp-content\/uploads\/2023\/09\/20171203_095831-600x450.jpg 600w\" sizes=\"auto, (max-width: 1179px) 100vw, 1179px\" \/>\t\t\t\t\t<\/div>\n\t\t\t\t\t\t\t\t\t<\/div>\n\t\t\t<\/div>\n\t\t\t\t\t<\/li>\n\t\t\t\t<li class=\"sow-slider-image\" style=\"visibility: hidden;\" >\n\t\t\t\t\t\t<div class=\"sow-slider-image-container\">\n\t\t\t\t<div class=\"sow-slider-image-wrapper\" style=\"max-width: 2560px\">\n\t\t\t\t\t\t\t\t\t\t<div class=\"sow-slider-image-foreground-wrapper\">\n\t\t\t\t\t\t<img loading=\"lazy\" decoding=\"async\" width=\"2560\" height=\"1920\" src=\"https:\/\/hegymaszasoktatas.hu\/wp-content\/uploads\/2023\/09\/IMG_20170627_081509-scaled.jpg\" class=\"sow-slider-foreground-image\" alt=\"\" style=\"\" srcset=\"https:\/\/hegymaszasoktatas.hu\/wp-content\/uploads\/2023\/09\/IMG_20170627_081509-scaled.jpg 2560w, https:\/\/hegymaszasoktatas.hu\/wp-content\/uploads\/2023\/09\/IMG_20170627_081509-300x225.jpg 300w, https:\/\/hegymaszasoktatas.hu\/wp-content\/uploads\/2023\/09\/IMG_20170627_081509-1024x768.jpg 1024w, https:\/\/hegymaszasoktatas.hu\/wp-content\/uploads\/2023\/09\/IMG_20170627_081509-768x576.jpg 768w, https:\/\/hegymaszasoktatas.hu\/wp-content\/uploads\/2023\/09\/IMG_20170627_081509-1536x1152.jpg 1536w, https:\/\/hegymaszasoktatas.hu\/wp-content\/uploads\/2023\/09\/IMG_20170627_081509-2048x1536.jpg 2048w, https:\/\/hegymaszasoktatas.hu\/wp-content\/uploads\/2023\/09\/IMG_20170627_081509-400x300.jpg 400w, https:\/\/hegymaszasoktatas.hu\/wp-content\/uploads\/2023\/09\/IMG_20170627_081509-600x450.jpg 600w, https:\/\/hegymaszasoktatas.hu\/wp-content\/uploads\/2023\/09\/IMG_20170627_081509-1200x900.jpg 1200w\" sizes=\"auto, (max-width: 2560px) 100vw, 2560px\" \/>\t\t\t\t\t<\/div>\n\t\t\t\t\t\t\t\t\t<\/div>\n\t\t\t<\/div>\n\t\t\t\t\t<\/li>\n\t\t\t\t<li class=\"sow-slider-image\" style=\"visibility: hidden;\" >\n\t\t\t\t\t\t<div class=\"sow-slider-image-container\">\n\t\t\t\t<div class=\"sow-slider-image-wrapper\" style=\"max-width: 2560px\">\n\t\t\t\t\t\t\t\t\t\t<div class=\"sow-slider-image-foreground-wrapper\">\n\t\t\t\t\t\t<img loading=\"lazy\" decoding=\"async\" width=\"2560\" height=\"1440\" src=\"https:\/\/hegymaszasoktatas.hu\/wp-content\/uploads\/2024\/02\/DSC_0086-scaled.jpg\" class=\"sow-slider-foreground-image\" alt=\"\" style=\"\" srcset=\"https:\/\/hegymaszasoktatas.hu\/wp-content\/uploads\/2024\/02\/DSC_0086-scaled.jpg 2560w, https:\/\/hegymaszasoktatas.hu\/wp-content\/uploads\/2024\/02\/DSC_0086-300x169.jpg 300w, https:\/\/hegymaszasoktatas.hu\/wp-content\/uploads\/2024\/02\/DSC_0086-1024x576.jpg 1024w, https:\/\/hegymaszasoktatas.hu\/wp-content\/uploads\/2024\/02\/DSC_0086-768x432.jpg 768w, https:\/\/hegymaszasoktatas.hu\/wp-content\/uploads\/2024\/02\/DSC_0086-1536x864.jpg 1536w, https:\/\/hegymaszasoktatas.hu\/wp-content\/uploads\/2024\/02\/DSC_0086-2048x1152.jpg 2048w, https:\/\/hegymaszasoktatas.hu\/wp-content\/uploads\/2024\/02\/DSC_0086-533x300.jpg 533w, https:\/\/hegymaszasoktatas.hu\/wp-content\/uploads\/2024\/02\/DSC_0086-600x338.jpg 600w, https:\/\/hegymaszasoktatas.hu\/wp-content\/uploads\/2024\/02\/DSC_0086-1200x675.jpg 1200w\" sizes=\"auto, (max-width: 2560px) 100vw, 2560px\" \/>\t\t\t\t\t<\/div>\n\t\t\t\t\t\t\t\t\t<\/div>\n\t\t\t<\/div>\n\t\t\t\t\t<\/li>\n\t\t<\/ul>\t\t\t\t<ol class=\"sow-slider-pagination\">\n\t\t\t\t\t\t\t\t\t\t\t<li><a href=\"#\" data-goto=\"0\" aria-label=\"Display slide 1\"><\/a><\/li>\n\t\t\t\t\t\t\t\t\t\t\t<li><a href=\"#\" data-goto=\"1\" aria-label=\"Display slide 2\"><\/a><\/li>\n\t\t\t\t\t\t\t\t\t\t\t<li><a href=\"#\" data-goto=\"2\" aria-label=\"Display slide 3\"><\/a><\/li>\n\t\t\t\t\t\t\t\t\t\t\t<li><a href=\"#\" data-goto=\"3\" aria-label=\"Display slide 4\"><\/a><\/li>\n\t\t\t\t\t\t\t\t\t\t\t<li><a href=\"#\" data-goto=\"4\" aria-label=\"Display slide 5\"><\/a><\/li>\n\t\t\t\t\t\t\t\t\t\t\t<li><a href=\"#\" data-goto=\"5\" aria-label=\"Display slide 6\"><\/a><\/li>\n\t\t\t\t\t\t\t\t\t<\/ol>\n\n\t\t\t\t<div class=\"sow-slide-nav sow-slide-nav-next\">\n\t\t\t\t\t<a href=\"#\" data-goto=\"next\" aria-label=\"Next slide\" data-action=\"next\">\n\t\t\t\t\t\t<em class=\"sow-sld-icon-thin-right\"><\/em>\n\t\t\t\t\t<\/a>\n\t\t\t\t<\/div>\n\n\t\t\t\t<div class=\"sow-slide-nav sow-slide-nav-prev\">\n\t\t\t\t\t<a href=\"#\" data-goto=\"previous\" aria-label=\"Previous slide\" data-action=\"prev\">\n\t\t\t\t\t\t<em class=\"sow-sld-icon-thin-left\"><\/em>\n\t\t\t\t\t<\/a>\n\t\t\t\t<\/div>\n\t\t\t\t<\/div><\/div><\/div><\/div><div id=\"pgc-35-0-1\"  class=\"panel-grid-cell\" ><div id=\"panel-35-0-1-0\" class=\"so-panel widget widget_text panel-first-child panel-last-child\" data-index=\"1\" ><h3 class=\"widget-title\">Hegym\u00e1sz\u00e1s<\/h3>\t\t\t<div class=\"textwidget\"><div class=\"lsow-team-member-details\">Hegym\u00e1sz\u00f3k\u00e9pz\u00e9seinket jellemz\u0151en t\u00e9len tartjuk magashegyek k\u00f6z\u00f6tt, hogy megismerkedhess ezekkel a viszonyokkal \u00e9s a magashegyi vil\u00e1ggal. Az esetek jelent\u0151s r\u00e9sz\u00e9ben mened\u00e9kh\u00e1zakban sz\u00e1llunk meg \u00e9s eg\u00e9sz nap a hegyek k\u00f6zt \u00e9l\u00fcnk, mozgunk. Itt megismerhetitek az itt sz\u00fcks\u00e9ges mozg\u00e1s kulcsfontoss\u00e1g\u00fa elemeit, a j\u00e9gcs\u00e1k\u00e1nyok haszn\u00e1lat\u00e1t, a gleccserj\u00e1r\u00e1s alapjait, a h\u00e1g\u00f3vasat, a lavinaismeret fort\u00e9lyait \u00e9s mindazt, ami k\u00e9pess\u00e9 tesz t\u00e9ged arra, hogy \u00f6n\u00e1ll\u00f3an megm\u00e1ssz kisebb cs\u00facsokat (pl Grossglockner) vagy gleccsert\u00far\u00e1kat tehess. A c\u00e9lunk, hogy k\u00e9pes legy\u00e9l elemezni az id\u0151j\u00e1r\u00e1st, az \u00fatvonalat \u00e9s a k\u00f6rnyezet rejtette vesz\u00e9lyeket, \u00edgy mindig a legjobb d\u00f6nt\u00e9seket hozhasd meg \u00f6n\u00e1ll\u00f3 m\u00e1sz\u00e1said sor\u00e1n is.<\/div>\n<\/div>\n\t\t<\/div><\/div><\/div><div id=\"pg-35-1\"  class=\"panel-grid panel-no-style\" ><div id=\"pgc-35-1-0\"  class=\"panel-grid-cell\" ><div id=\"panel-35-1-0-0\" class=\"so-panel widget widget_sow-price-table panel-first-child panel-last-child\" data-index=\"2\" ><div\n\t\t\t\n\t\t\tclass=\"so-widget-sow-price-table so-widget-sow-price-table-atom-40613d408f13-35\"\n\t\t\t\n\t\t>\n<h3 class=\"widget-title\">Hegym\u00e1sz\u00f3 oktat\u00e1sok<\/h3>\n<div class=\"ow-pt-columns-atom\">\n\n\t\t\t<div class=\"ow-pt-column ow-pt-first ow-pt-even\"\n\t\t\tstyle=\"width: 50%\">\n\t\t\t<div class=\"ow-pt-title\">\n\t\t\t\tKezd\u0151 magashegyi \u00e9s lavinat\u00e1bor\t\t\t\t\t\t\t\t\t<div class=\"ow-pt-subtitle\">\n\t\t\t\t\t\tEl\u0151k\u00e9sz\u00edt\u00e9s alatt - 2027 janu\u00e1r\t\t\t\t\t<\/div>\n\t\t\t\t\t\t\t<\/div>\n\n\t\t\t<div class=\"ow-pt-details\">\n\t\t\t\t<div class=\"ow-pt-price\">\n\t\t\t\t\t\t\t\t\t<\/div>\n\t\t\t\t\t\t\t\t<div class=\"ow-pt-per\"><\/div>\n\t\t\t<\/div>\n\n\t\t\t\t\t\t\t<div class=\"ow-pt-image\">\n\t\t\t\t\t<img decoding=\"async\" src=\"https:\/\/hegymaszasoktatas.hu\/wp-content\/uploads\/2023\/09\/IMG_20170627_081509-scaled.jpg\" srcset=\"https:\/\/hegymaszasoktatas.hu\/wp-content\/uploads\/2023\/09\/IMG_20170627_081509-scaled.jpg 2560w, https:\/\/hegymaszasoktatas.hu\/wp-content\/uploads\/2023\/09\/IMG_20170627_081509-300x225.jpg 300w, https:\/\/hegymaszasoktatas.hu\/wp-content\/uploads\/2023\/09\/IMG_20170627_081509-1024x768.jpg 1024w, https:\/\/hegymaszasoktatas.hu\/wp-content\/uploads\/2023\/09\/IMG_20170627_081509-768x576.jpg 768w, https:\/\/hegymaszasoktatas.hu\/wp-content\/uploads\/2023\/09\/IMG_20170627_081509-1536x1152.jpg 1536w, https:\/\/hegymaszasoktatas.hu\/wp-content\/uploads\/2023\/09\/IMG_20170627_081509-2048x1536.jpg 2048w, https:\/\/hegymaszasoktatas.hu\/wp-content\/uploads\/2023\/09\/IMG_20170627_081509-400x300.jpg 400w, https:\/\/hegymaszasoktatas.hu\/wp-content\/uploads\/2023\/09\/IMG_20170627_081509-600x450.jpg 600w, https:\/\/hegymaszasoktatas.hu\/wp-content\/uploads\/2023\/09\/IMG_20170627_081509-1200x900.jpg 1200w\" sizes=\"(max-width: 2560px) 100vw, 2560px\"\/> \t\t\t\t<\/div>\n\t\t\t\n\t\t\t<div class=\"ow-pt-features\">\n\t\t\t\t\t\t\t<\/div>\n\n\t\t\t\t\t\t\t<div class=\"ow-pt-button\">\n\t\t\t\t\t<a\n\t\t\t\t\t\thref=\"https:\/\/hegymaszasoktatas.hu\/?p=765\"\n\t\t\t\t\t\tclass=\"ow-pt-link\" \t\t\t\t\t>Megn\u00e9zem<\/a>\n\t\t\t\t<\/div>\n\t\t\t\t\t<\/div>\n\t\t\t\t<div class=\"ow-pt-column ow-pt-last ow-pt-odd\"\n\t\t\tstyle=\"width: 50%\">\n\t\t\t<div class=\"ow-pt-title\">\n\t\t\t\tBiztons\u00e1gos magashegyi t\u00far\u00e1z\u00e1s - Szlov\u00e9nia\t\t\t\t\t\t\t\t\t<div class=\"ow-pt-subtitle\">\n\t\t\t\t\t\t2026.08.19-23.\t\t\t\t\t<\/div>\n\t\t\t\t\t\t\t<\/div>\n\n\t\t\t<div class=\"ow-pt-details\">\n\t\t\t\t<div class=\"ow-pt-price\">\n\t\t\t\t\t\t\t\t\t<\/div>\n\t\t\t\t\t\t\t\t<div class=\"ow-pt-per\"><\/div>\n\t\t\t<\/div>\n\n\t\t\t\t\t\t\t<div class=\"ow-pt-image\">\n\t\t\t\t\t<img decoding=\"async\" src=\"https:\/\/hegymaszasoktatas.hu\/wp-content\/uploads\/2026\/03\/IMG_8077.jpg\" srcset=\"https:\/\/hegymaszasoktatas.hu\/wp-content\/uploads\/2026\/03\/IMG_8077.jpg 1159w, https:\/\/hegymaszasoktatas.hu\/wp-content\/uploads\/2026\/03\/IMG_8077-300x225.jpg 300w, https:\/\/hegymaszasoktatas.hu\/wp-content\/uploads\/2026\/03\/IMG_8077-1024x768.jpg 1024w, https:\/\/hegymaszasoktatas.hu\/wp-content\/uploads\/2026\/03\/IMG_8077-768x576.jpg 768w, https:\/\/hegymaszasoktatas.hu\/wp-content\/uploads\/2026\/03\/IMG_8077-400x300.jpg 400w\" sizes=\"(max-width: 1159px) 100vw, 1159px\"\/> \t\t\t\t<\/div>\n\t\t\t\n\t\t\t<div class=\"ow-pt-features\">\n\t\t\t\t\t\t\t<\/div>\n\n\t\t\t\t\t\t\t<div class=\"ow-pt-button\">\n\t\t\t\t\t<a\n\t\t\t\t\t\thref=\"https:\/\/hegymaszasoktatas.hu\/?p=958\"\n\t\t\t\t\t\tclass=\"ow-pt-link\" \t\t\t\t\t>Megn\u00e9zem<\/a>\n\t\t\t\t<\/div>\n\t\t\t\t\t<\/div>\n\t\t<\/div>\n<\/div><\/div><\/div><\/div><div id=\"pg-35-2\"  class=\"panel-grid panel-no-style\" ><div id=\"pgc-35-2-0\"  class=\"panel-grid-cell panel-grid-cell-empty\" ><\/div><div id=\"pgc-35-2-1\"  class=\"panel-grid-cell panel-grid-cell-mobile-last\" ><div id=\"panel-35-2-1-0\" class=\"so-panel widget widget_sow-editor panel-first-child\" data-index=\"3\" ><div\n\t\t\t\n\t\t\tclass=\"so-widget-sow-editor so-widget-sow-editor-base\"\n\t\t\t\n\t\t>\n<div class=\"siteorigin-widget-tinymce textwidget\">\n\t<figure class=\"wp-block-embed wp-block-embed-youtube is-type-video is-provider-youtube epyt-figure\"><div class=\"wp-block-embed__wrapper\"><iframe loading=\"lazy\"  id=\"_ytid_35967\"  width=\"1032\" height=\"580\"  data-origwidth=\"1032\" data-origheight=\"580\" src=\"https:\/\/www.youtube.com\/embed\/BUGsnHC5wxk?enablejsapi=1&listType=playlist&list=PLxk9H6VNfsxqaAJh7TKoa5cba9Bj9j6X3&autoplay=0&cc_load_policy=0&cc_lang_pref=&iv_load_policy=1&loop=0&rel=1&fs=1&playsinline=0&autohide=2&theme=dark&color=red&controls=1&disablekb=0&\" class=\"__youtube_prefs__  no-lazyload\" title=\"YouTube player\"  allow=\"fullscreen; accelerometer; autoplay; clipboard-write; encrypted-media; gyroscope; picture-in-picture; web-share\" referrerpolicy=\"strict-origin-when-cross-origin\" allowfullscreen data-no-lazy=\"1\" data-skipgform_ajax_framebjll=\"\"><\/iframe><\/div><\/figure>\n<\/div>\n<\/div><\/div><div id=\"panel-35-2-1-1\" class=\"so-panel widget widget_sow-button panel-last-child\" data-index=\"4\" ><div\n\t\t\t\n\t\t\tclass=\"so-widget-sow-button so-widget-sow-button-flat-f54c0409268f-35\"\n\t\t\t\n\t\t><div class=\"ow-button-base ow-button-align-center\"\n>\n\t\t\t<a\n\t\t\t\t\thref=\"https:\/\/www.youtube.com\/@hegymaszasoktatas\"\n\t\t\t\t\tclass=\"sowb-button ow-icon-placement-left ow-button-hover\" \t>\n\t\t<span>\n\t\t\t\n\t\t\tMegn\u00e9zem a t\u00f6bbi vide\u00f3t is\t\t<\/span>\n\t\t\t<\/a>\n\t<\/div>\n<\/div><\/div><\/div><div id=\"pgc-35-2-2\"  class=\"panel-grid-cell panel-grid-cell-empty\" ><\/div><\/div><\/div>","protected":false},"excerpt":{"rendered":"<p>Hegym\u00e1sz\u00f3k\u00e9pz\u00e9seinket jellemz\u0151en t\u00e9len tartjuk magashegyek k\u00f6z\u00f6tt, hogy megismerkedhess ezekkel a viszonyokkal \u00e9s a magashegyi vil\u00e1ggal. Az esetek jelent\u0151s r\u00e9sz\u00e9ben mened\u00e9kh\u00e1zakban sz\u00e1llunk meg \u00e9s eg\u00e9sz nap &hellip;<\/p>\n","protected":false},"author":1,"featured_media":0,"parent":0,"menu_order":0,"comment_status":"closed","ping_status":"closed","template":"","meta":{"footnotes":""},"class_list":["post-35","page","type-page","status-publish","hentry"],"yoast_head":"<!-- This site is optimized with the Yoast SEO plugin v27.5 - https:\/\/yoast.com\/product\/yoast-seo-wordpress\/ -->\n<title>Hegym\u00e1sz\u00e1s - M\u00e1sz\u00e1soktat\u00e1s<\/title>\n<meta name=\"description\" content=\"A m\u00e1sz\u00e1s legizgalmasabb lehet\u0151s\u00e9gei a hegyekben ny\u00edlnak meg el\u0151tted! A kezd\u0151 alpesi kurzusokt\u00f3l az exped\u00edci\u00f3kig sz\u00e9les az el\u00e9rhet\u0151 oktat\u00e1sok spektruma\" \/>\n<meta name=\"robots\" content=\"index, follow, max-snippet:-1, max-image-preview:large, max-video-preview:-1\" \/>\n<link rel=\"canonical\" href=\"https:\/\/hegymaszasoktatas.hu\/?page_id=35\" \/>\n<meta property=\"og:locale\" content=\"hu_HU\" \/>\n<meta property=\"og:type\" content=\"article\" \/>\n<meta property=\"og:title\" content=\"Hegym\u00e1sz\u00e1s - M\u00e1sz\u00e1soktat\u00e1s\" \/>\n<meta property=\"og:description\" content=\"A m\u00e1sz\u00e1s legizgalmasabb lehet\u0151s\u00e9gei a hegyekben ny\u00edlnak meg el\u0151tted! A kezd\u0151 alpesi kurzusokt\u00f3l az exped\u00edci\u00f3kig sz\u00e9les az el\u00e9rhet\u0151 oktat\u00e1sok spektruma\" \/>\n<meta property=\"og:url\" content=\"https:\/\/hegymaszasoktatas.hu\/?page_id=35\" \/>\n<meta property=\"og:site_name\" content=\"M\u00e1sz\u00e1soktat\u00e1s\" \/>\n<meta property=\"article:publisher\" content=\"https:\/\/www.facebook.com\/climbingeducation\/\" \/>\n<meta property=\"article:modified_time\" content=\"2026-03-15T08:40:02+00:00\" \/>\n<meta name=\"twitter:card\" content=\"summary_large_image\" \/>\n<meta name=\"twitter:label1\" content=\"Becs\u00fclt olvas\u00e1si id\u0151\" \/>\n\t<meta name=\"twitter:data1\" content=\"3 perc\" \/>\n<script type=\"application\/ld+json\" class=\"yoast-schema-graph\">{\"@context\":\"https:\\\/\\\/schema.org\",\"@graph\":[{\"@type\":\"WebPage\",\"@id\":\"https:\\\/\\\/hegymaszasoktatas.hu\\\/?page_id=35\",\"url\":\"https:\\\/\\\/hegymaszasoktatas.hu\\\/?page_id=35\",\"name\":\"Hegym\u00e1sz\u00e1s - M\u00e1sz\u00e1soktat\u00e1s\",\"isPartOf\":{\"@id\":\"https:\\\/\\\/hegymaszasoktatas.hu\\\/#website\"},\"datePublished\":\"2023-08-27T06:41:06+00:00\",\"dateModified\":\"2026-03-15T08:40:02+00:00\",\"description\":\"A m\u00e1sz\u00e1s legizgalmasabb lehet\u0151s\u00e9gei a hegyekben ny\u00edlnak meg el\u0151tted! A kezd\u0151 alpesi kurzusokt\u00f3l az exped\u00edci\u00f3kig sz\u00e9les az el\u00e9rhet\u0151 oktat\u00e1sok spektruma\",\"breadcrumb\":{\"@id\":\"https:\\\/\\\/hegymaszasoktatas.hu\\\/?page_id=35#breadcrumb\"},\"inLanguage\":\"hu\",\"potentialAction\":[{\"@type\":\"ReadAction\",\"target\":[\"https:\\\/\\\/hegymaszasoktatas.hu\\\/?page_id=35\"]}]},{\"@type\":\"BreadcrumbList\",\"@id\":\"https:\\\/\\\/hegymaszasoktatas.hu\\\/?page_id=35#breadcrumb\",\"itemListElement\":[{\"@type\":\"ListItem\",\"position\":1,\"name\":\"Kezd\u0151lap\",\"item\":\"https:\\\/\\\/hegymaszasoktatas.hu\\\/\"},{\"@type\":\"ListItem\",\"position\":2,\"name\":\"Hegym\u00e1sz\u00e1s\"}]},{\"@type\":\"WebSite\",\"@id\":\"https:\\\/\\\/hegymaszasoktatas.hu\\\/#website\",\"url\":\"https:\\\/\\\/hegymaszasoktatas.hu\\\/\",\"name\":\"M\u00e1sz\u00e1soktat\u00e1s\",\"description\":\"Minden l\u00e9p\u00e9s tan\u00edt, minden cs\u00facs inspir\u00e1l\",\"publisher\":{\"@id\":\"https:\\\/\\\/hegymaszasoktatas.hu\\\/#organization\"},\"potentialAction\":[{\"@type\":\"SearchAction\",\"target\":{\"@type\":\"EntryPoint\",\"urlTemplate\":\"https:\\\/\\\/hegymaszasoktatas.hu\\\/?s={search_term_string}\"},\"query-input\":{\"@type\":\"PropertyValueSpecification\",\"valueRequired\":true,\"valueName\":\"search_term_string\"}}],\"inLanguage\":\"hu\"},{\"@type\":\"Organization\",\"@id\":\"https:\\\/\\\/hegymaszasoktatas.hu\\\/#organization\",\"name\":\"M\u00e1sz\u00e1soktat\u00e1s\",\"url\":\"https:\\\/\\\/hegymaszasoktatas.hu\\\/\",\"logo\":{\"@type\":\"ImageObject\",\"inLanguage\":\"hu\",\"@id\":\"https:\\\/\\\/hegymaszasoktatas.hu\\\/#\\\/schema\\\/logo\\\/image\\\/\",\"url\":\"https:\\\/\\\/hegymaszasoktatas.hu\\\/wp-content\\\/uploads\\\/2023\\\/08\\\/cropped-FullLogo_Transparent_NoBuffer.png\",\"contentUrl\":\"https:\\\/\\\/hegymaszasoktatas.hu\\\/wp-content\\\/uploads\\\/2023\\\/08\\\/cropped-FullLogo_Transparent_NoBuffer.png\",\"width\":1279,\"height\":1043,\"caption\":\"M\u00e1sz\u00e1soktat\u00e1s\"},\"image\":{\"@id\":\"https:\\\/\\\/hegymaszasoktatas.hu\\\/#\\\/schema\\\/logo\\\/image\\\/\"},\"sameAs\":[\"https:\\\/\\\/www.facebook.com\\\/climbingeducation\\\/\"]}]}<\/script>\n<!-- \/ Yoast SEO plugin. -->","yoast_head_json":{"title":"Hegym\u00e1sz\u00e1s - M\u00e1sz\u00e1soktat\u00e1s","description":"A m\u00e1sz\u00e1s legizgalmasabb lehet\u0151s\u00e9gei a hegyekben ny\u00edlnak meg el\u0151tted! A kezd\u0151 alpesi kurzusokt\u00f3l az exped\u00edci\u00f3kig sz\u00e9les az el\u00e9rhet\u0151 oktat\u00e1sok spektruma","robots":{"index":"index","follow":"follow","max-snippet":"max-snippet:-1","max-image-preview":"max-image-preview:large","max-video-preview":"max-video-preview:-1"},"canonical":"https:\/\/hegymaszasoktatas.hu\/?page_id=35","og_locale":"hu_HU","og_type":"article","og_title":"Hegym\u00e1sz\u00e1s - M\u00e1sz\u00e1soktat\u00e1s","og_description":"A m\u00e1sz\u00e1s legizgalmasabb lehet\u0151s\u00e9gei a hegyekben ny\u00edlnak meg el\u0151tted! A kezd\u0151 alpesi kurzusokt\u00f3l az exped\u00edci\u00f3kig sz\u00e9les az el\u00e9rhet\u0151 oktat\u00e1sok spektruma","og_url":"https:\/\/hegymaszasoktatas.hu\/?page_id=35","og_site_name":"M\u00e1sz\u00e1soktat\u00e1s","article_publisher":"https:\/\/www.facebook.com\/climbingeducation\/","article_modified_time":"2026-03-15T08:40:02+00:00","twitter_card":"summary_large_image","twitter_misc":{"Becs\u00fclt olvas\u00e1si id\u0151":"3 perc"},"schema":{"@context":"https:\/\/schema.org","@graph":[{"@type":"WebPage","@id":"https:\/\/hegymaszasoktatas.hu\/?page_id=35","url":"https:\/\/hegymaszasoktatas.hu\/?page_id=35","name":"Hegym\u00e1sz\u00e1s - M\u00e1sz\u00e1soktat\u00e1s","isPartOf":{"@id":"https:\/\/hegymaszasoktatas.hu\/#website"},"datePublished":"2023-08-27T06:41:06+00:00","dateModified":"2026-03-15T08:40:02+00:00","description":"A m\u00e1sz\u00e1s legizgalmasabb lehet\u0151s\u00e9gei a hegyekben ny\u00edlnak meg el\u0151tted! A kezd\u0151 alpesi kurzusokt\u00f3l az exped\u00edci\u00f3kig sz\u00e9les az el\u00e9rhet\u0151 oktat\u00e1sok spektruma","breadcrumb":{"@id":"https:\/\/hegymaszasoktatas.hu\/?page_id=35#breadcrumb"},"inLanguage":"hu","potentialAction":[{"@type":"ReadAction","target":["https:\/\/hegymaszasoktatas.hu\/?page_id=35"]}]},{"@type":"BreadcrumbList","@id":"https:\/\/hegymaszasoktatas.hu\/?page_id=35#breadcrumb","itemListElement":[{"@type":"ListItem","position":1,"name":"Kezd\u0151lap","item":"https:\/\/hegymaszasoktatas.hu\/"},{"@type":"ListItem","position":2,"name":"Hegym\u00e1sz\u00e1s"}]},{"@type":"WebSite","@id":"https:\/\/hegymaszasoktatas.hu\/#website","url":"https:\/\/hegymaszasoktatas.hu\/","name":"M\u00e1sz\u00e1soktat\u00e1s","description":"Minden l\u00e9p\u00e9s tan\u00edt, minden cs\u00facs inspir\u00e1l","publisher":{"@id":"https:\/\/hegymaszasoktatas.hu\/#organization"},"potentialAction":[{"@type":"SearchAction","target":{"@type":"EntryPoint","urlTemplate":"https:\/\/hegymaszasoktatas.hu\/?s={search_term_string}"},"query-input":{"@type":"PropertyValueSpecification","valueRequired":true,"valueName":"search_term_string"}}],"inLanguage":"hu"},{"@type":"Organization","@id":"https:\/\/hegymaszasoktatas.hu\/#organization","name":"M\u00e1sz\u00e1soktat\u00e1s","url":"https:\/\/hegymaszasoktatas.hu\/","logo":{"@type":"ImageObject","inLanguage":"hu","@id":"https:\/\/hegymaszasoktatas.hu\/#\/schema\/logo\/image\/","url":"https:\/\/hegymaszasoktatas.hu\/wp-content\/uploads\/2023\/08\/cropped-FullLogo_Transparent_NoBuffer.png","contentUrl":"https:\/\/hegymaszasoktatas.hu\/wp-content\/uploads\/2023\/08\/cropped-FullLogo_Transparent_NoBuffer.png","width":1279,"height":1043,"caption":"M\u00e1sz\u00e1soktat\u00e1s"},"image":{"@id":"https:\/\/hegymaszasoktatas.hu\/#\/schema\/logo\/image\/"},"sameAs":["https:\/\/www.facebook.com\/climbingeducation\/"]}]}},"featured_media_urls":[],"_links":{"self":[{"href":"https:\/\/hegymaszasoktatas.hu\/index.php?rest_route=\/wp\/v2\/pages\/35","targetHints":{"allow":["GET"]}}],"collection":[{"href":"https:\/\/hegymaszasoktatas.hu\/index.php?rest_route=\/wp\/v2\/pages"}],"about":[{"href":"https:\/\/hegymaszasoktatas.hu\/index.php?rest_route=\/wp\/v2\/types\/page"}],"author":[{"embeddable":true,"href":"https:\/\/hegymaszasoktatas.hu\/index.php?rest_route=\/wp\/v2\/users\/1"}],"replies":[{"embeddable":true,"href":"https:\/\/hegymaszasoktatas.hu\/index.php?rest_route=%2Fwp%2Fv2%2Fcomments&post=35"}],"version-history":[{"count":28,"href":"https:\/\/hegymaszasoktatas.hu\/index.php?rest_route=\/wp\/v2\/pages\/35\/revisions"}],"predecessor-version":[{"id":961,"href":"https:\/\/hegymaszasoktatas.hu\/index.php?rest_route=\/wp\/v2\/pages\/35\/revisions\/961"}],"wp:attachment":[{"href":"https:\/\/hegymaszasoktatas.hu\/index.php?rest_route=%2Fwp%2Fv2%2Fmedia&parent=35"}],"curies":[{"name":"wp","href":"https:\/\/api.w.org\/{rel}","templated":true}]}}