{"id":31,"date":"2023-08-27T08:40:22","date_gmt":"2023-08-27T06:40:22","guid":{"rendered":"https:\/\/hegymaszasoktatas.hu\/?page_id=31"},"modified":"2026-03-09T18:33:54","modified_gmt":"2026-03-09T17:33:54","slug":"via-ferrata","status":"publish","type":"page","link":"https:\/\/hegymaszasoktatas.hu\/?page_id=31","title":{"rendered":"Via Ferrata"},"content":{"rendered":"<div id=\"pl-31\"  class=\"panel-layout\" ><div id=\"pg-31-0\"  class=\"panel-grid panel-no-style\" ><div id=\"pgc-31-0-0\"  class=\"panel-grid-cell\" ><div id=\"panel-31-0-0-0\" class=\"so-panel widget widget_sow-slider panel-first-child panel-last-child\" data-index=\"0\" ><div\n\t\t\t\n\t\t\tclass=\"so-widget-sow-slider so-widget-sow-slider-default-6d39609536fd-31\"\n\t\t\t\n\t\t>\t\t\t\t<div class=\"sow-slider-base\" style=\"display: none\" tabindex=\"0\">\n\t\t\t\t\t<ul\n\t\t\t\t\tclass=\"sow-slider-images\"\n\t\t\t\t\tdata-settings=\"{&quot;pagination&quot;:true,&quot;speed&quot;:800,&quot;timeout&quot;:8000,&quot;paused&quot;:false,&quot;pause_on_hover&quot;:false,&quot;swipe&quot;:true,&quot;nav_always_show_desktop&quot;:&quot;&quot;,&quot;nav_always_show_mobile&quot;:&quot;&quot;,&quot;breakpoint&quot;:&quot;780px&quot;,&quot;unmute&quot;:false,&quot;anchor&quot;:null}\"\n\t\t\t\t\t\t\t\t\t\tdata-anchor-id=\"\"\n\t\t\t\t>\t\t<li class=\"sow-slider-image  sow-slider-image-cover\" style=\"visibility: visible;;background-image: url(https:\/\/hegymaszasoktatas.hu\/wp-content\/uploads\/2023\/08\/IMG_20230821_155528608-1-scaled.jpg)\" >\n\t\t\t\t\t\t<div class=\"sow-slider-image-container\">\n\t\t\t\t<div class=\"sow-slider-image-wrapper\" style=\"max-width: 1928px\">\n\t\t\t\t\t\t\t\t\t\t<div class=\"sow-slider-image-foreground-wrapper\">\n\t\t\t\t\t\t<img loading=\"lazy\" decoding=\"async\" width=\"1928\" height=\"2560\" src=\"https:\/\/hegymaszasoktatas.hu\/wp-content\/uploads\/2023\/08\/IMG_20230821_155528608-1-scaled.jpg\" class=\"sow-slider-foreground-image\" alt=\"\" style=\"\" srcset=\"https:\/\/hegymaszasoktatas.hu\/wp-content\/uploads\/2023\/08\/IMG_20230821_155528608-1-scaled.jpg 1928w, https:\/\/hegymaszasoktatas.hu\/wp-content\/uploads\/2023\/08\/IMG_20230821_155528608-1-226x300.jpg 226w, https:\/\/hegymaszasoktatas.hu\/wp-content\/uploads\/2023\/08\/IMG_20230821_155528608-1-771x1024.jpg 771w, https:\/\/hegymaszasoktatas.hu\/wp-content\/uploads\/2023\/08\/IMG_20230821_155528608-1-768x1020.jpg 768w, https:\/\/hegymaszasoktatas.hu\/wp-content\/uploads\/2023\/08\/IMG_20230821_155528608-1-1157x1536.jpg 1157w, https:\/\/hegymaszasoktatas.hu\/wp-content\/uploads\/2023\/08\/IMG_20230821_155528608-1-1542x2048.jpg 1542w, https:\/\/hegymaszasoktatas.hu\/wp-content\/uploads\/2023\/08\/IMG_20230821_155528608-1-600x797.jpg 600w, https:\/\/hegymaszasoktatas.hu\/wp-content\/uploads\/2023\/08\/IMG_20230821_155528608-1-1200x1594.jpg 1200w\" sizes=\"auto, (max-width: 1928px) 100vw, 1928px\" \/>\t\t\t\t\t<\/div>\n\t\t\t\t\t\t\t\t\t<\/div>\n\t\t\t<\/div>\n\t\t\t\t\t<\/li>\n\t\t\t\t<li class=\"sow-slider-image\" style=\"visibility: hidden;\" >\n\t\t\t\t\t\t<div class=\"sow-slider-image-container\">\n\t\t\t\t<div class=\"sow-slider-image-wrapper\" style=\"max-width: 1920px\">\n\t\t\t\t\t\t\t\t\t\t<div class=\"sow-slider-image-foreground-wrapper\">\n\t\t\t\t\t\t<img loading=\"lazy\" decoding=\"async\" width=\"1920\" height=\"2560\" src=\"https:\/\/hegymaszasoktatas.hu\/wp-content\/uploads\/2023\/08\/IMG_20230821_155710844-scaled.jpg\" class=\"sow-slider-foreground-image\" alt=\"\" style=\"\" srcset=\"https:\/\/hegymaszasoktatas.hu\/wp-content\/uploads\/2023\/08\/IMG_20230821_155710844-scaled.jpg 1920w, https:\/\/hegymaszasoktatas.hu\/wp-content\/uploads\/2023\/08\/IMG_20230821_155710844-225x300.jpg 225w, https:\/\/hegymaszasoktatas.hu\/wp-content\/uploads\/2023\/08\/IMG_20230821_155710844-768x1024.jpg 768w, https:\/\/hegymaszasoktatas.hu\/wp-content\/uploads\/2023\/08\/IMG_20230821_155710844-1152x1536.jpg 1152w, https:\/\/hegymaszasoktatas.hu\/wp-content\/uploads\/2023\/08\/IMG_20230821_155710844-1536x2048.jpg 1536w, https:\/\/hegymaszasoktatas.hu\/wp-content\/uploads\/2023\/08\/IMG_20230821_155710844-600x800.jpg 600w, https:\/\/hegymaszasoktatas.hu\/wp-content\/uploads\/2023\/08\/IMG_20230821_155710844-1200x1600.jpg 1200w\" sizes=\"auto, (max-width: 1920px) 100vw, 1920px\" \/>\t\t\t\t\t<\/div>\n\t\t\t\t\t\t\t\t\t<\/div>\n\t\t\t<\/div>\n\t\t\t\t\t<\/li>\n\t\t\t\t<li class=\"sow-slider-image\" style=\"visibility: hidden;\" >\n\t\t\t\t\t\t<div class=\"sow-slider-image-container\">\n\t\t\t\t<div class=\"sow-slider-image-wrapper\" style=\"max-width: 2560px\">\n\t\t\t\t\t\t\t\t\t\t<div class=\"sow-slider-image-foreground-wrapper\">\n\t\t\t\t\t\t<img loading=\"lazy\" decoding=\"async\" width=\"2560\" height=\"1920\" src=\"https:\/\/hegymaszasoktatas.hu\/wp-content\/uploads\/2023\/08\/IMG_1577-scaled.jpg\" class=\"sow-slider-foreground-image\" alt=\"\" style=\"\" srcset=\"https:\/\/hegymaszasoktatas.hu\/wp-content\/uploads\/2023\/08\/IMG_1577-scaled.jpg 2560w, https:\/\/hegymaszasoktatas.hu\/wp-content\/uploads\/2023\/08\/IMG_1577-300x225.jpg 300w, https:\/\/hegymaszasoktatas.hu\/wp-content\/uploads\/2023\/08\/IMG_1577-1024x768.jpg 1024w, https:\/\/hegymaszasoktatas.hu\/wp-content\/uploads\/2023\/08\/IMG_1577-768x576.jpg 768w, https:\/\/hegymaszasoktatas.hu\/wp-content\/uploads\/2023\/08\/IMG_1577-1536x1152.jpg 1536w, https:\/\/hegymaszasoktatas.hu\/wp-content\/uploads\/2023\/08\/IMG_1577-2048x1536.jpg 2048w, https:\/\/hegymaszasoktatas.hu\/wp-content\/uploads\/2023\/08\/IMG_1577-400x300.jpg 400w, https:\/\/hegymaszasoktatas.hu\/wp-content\/uploads\/2023\/08\/IMG_1577-600x450.jpg 600w, https:\/\/hegymaszasoktatas.hu\/wp-content\/uploads\/2023\/08\/IMG_1577-1200x900.jpg 1200w\" sizes=\"auto, (max-width: 2560px) 100vw, 2560px\" \/>\t\t\t\t\t<\/div>\n\t\t\t\t\t\t\t\t\t<\/div>\n\t\t\t<\/div>\n\t\t\t\t\t<\/li>\n\t\t\t\t<li class=\"sow-slider-image\" style=\"visibility: hidden;\" >\n\t\t\t\t\t\t<div class=\"sow-slider-image-container\">\n\t\t\t\t<div class=\"sow-slider-image-wrapper\" style=\"max-width: 2560px\">\n\t\t\t\t\t\t\t\t\t\t<div class=\"sow-slider-image-foreground-wrapper\">\n\t\t\t\t\t\t<img loading=\"lazy\" decoding=\"async\" width=\"2560\" height=\"1920\" src=\"https:\/\/hegymaszasoktatas.hu\/wp-content\/uploads\/2023\/08\/IMG_1564-scaled.jpg\" class=\"sow-slider-foreground-image\" alt=\"\" style=\"\" srcset=\"https:\/\/hegymaszasoktatas.hu\/wp-content\/uploads\/2023\/08\/IMG_1564-scaled.jpg 2560w, https:\/\/hegymaszasoktatas.hu\/wp-content\/uploads\/2023\/08\/IMG_1564-300x225.jpg 300w, https:\/\/hegymaszasoktatas.hu\/wp-content\/uploads\/2023\/08\/IMG_1564-1024x768.jpg 1024w, https:\/\/hegymaszasoktatas.hu\/wp-content\/uploads\/2023\/08\/IMG_1564-768x576.jpg 768w, https:\/\/hegymaszasoktatas.hu\/wp-content\/uploads\/2023\/08\/IMG_1564-1536x1152.jpg 1536w, https:\/\/hegymaszasoktatas.hu\/wp-content\/uploads\/2023\/08\/IMG_1564-2048x1536.jpg 2048w, https:\/\/hegymaszasoktatas.hu\/wp-content\/uploads\/2023\/08\/IMG_1564-400x300.jpg 400w, https:\/\/hegymaszasoktatas.hu\/wp-content\/uploads\/2023\/08\/IMG_1564-600x450.jpg 600w, https:\/\/hegymaszasoktatas.hu\/wp-content\/uploads\/2023\/08\/IMG_1564-1200x900.jpg 1200w\" sizes=\"auto, (max-width: 2560px) 100vw, 2560px\" \/>\t\t\t\t\t<\/div>\n\t\t\t\t\t\t\t\t\t<\/div>\n\t\t\t<\/div>\n\t\t\t\t\t<\/li>\n\t\t\t\t<li class=\"sow-slider-image\" style=\"visibility: hidden;\" >\n\t\t\t\t\t\t<div class=\"sow-slider-image-container\">\n\t\t\t\t<div class=\"sow-slider-image-wrapper\" style=\"max-width: 2560px\">\n\t\t\t\t\t\t\t\t\t\t<div class=\"sow-slider-image-foreground-wrapper\">\n\t\t\t\t\t\t<img loading=\"lazy\" decoding=\"async\" width=\"2560\" height=\"1920\" src=\"https:\/\/hegymaszasoktatas.hu\/wp-content\/uploads\/2023\/08\/IMG_1556-scaled.jpg\" class=\"sow-slider-foreground-image\" alt=\"\" style=\"\" srcset=\"https:\/\/hegymaszasoktatas.hu\/wp-content\/uploads\/2023\/08\/IMG_1556-scaled.jpg 2560w, https:\/\/hegymaszasoktatas.hu\/wp-content\/uploads\/2023\/08\/IMG_1556-300x225.jpg 300w, https:\/\/hegymaszasoktatas.hu\/wp-content\/uploads\/2023\/08\/IMG_1556-1024x768.jpg 1024w, https:\/\/hegymaszasoktatas.hu\/wp-content\/uploads\/2023\/08\/IMG_1556-768x576.jpg 768w, https:\/\/hegymaszasoktatas.hu\/wp-content\/uploads\/2023\/08\/IMG_1556-1536x1152.jpg 1536w, https:\/\/hegymaszasoktatas.hu\/wp-content\/uploads\/2023\/08\/IMG_1556-2048x1536.jpg 2048w, https:\/\/hegymaszasoktatas.hu\/wp-content\/uploads\/2023\/08\/IMG_1556-400x300.jpg 400w, https:\/\/hegymaszasoktatas.hu\/wp-content\/uploads\/2023\/08\/IMG_1556-600x450.jpg 600w, https:\/\/hegymaszasoktatas.hu\/wp-content\/uploads\/2023\/08\/IMG_1556-1200x900.jpg 1200w\" sizes=\"auto, (max-width: 2560px) 100vw, 2560px\" \/>\t\t\t\t\t<\/div>\n\t\t\t\t\t\t\t\t\t<\/div>\n\t\t\t<\/div>\n\t\t\t\t\t<\/li>\n\t\t\t\t<li class=\"sow-slider-image\" style=\"visibility: hidden;\" >\n\t\t\t\t\t\t<div class=\"sow-slider-image-container\">\n\t\t\t\t<div class=\"sow-slider-image-wrapper\" style=\"max-width: 1920px\">\n\t\t\t\t\t\t\t\t\t\t<div class=\"sow-slider-image-foreground-wrapper\">\n\t\t\t\t\t\t<img loading=\"lazy\" decoding=\"async\" width=\"1920\" height=\"2560\" src=\"https:\/\/hegymaszasoktatas.hu\/wp-content\/uploads\/2023\/08\/IMG_1546-scaled.jpg\" class=\"sow-slider-foreground-image\" alt=\"\" style=\"\" srcset=\"https:\/\/hegymaszasoktatas.hu\/wp-content\/uploads\/2023\/08\/IMG_1546-scaled.jpg 1920w, https:\/\/hegymaszasoktatas.hu\/wp-content\/uploads\/2023\/08\/IMG_1546-225x300.jpg 225w, https:\/\/hegymaszasoktatas.hu\/wp-content\/uploads\/2023\/08\/IMG_1546-768x1024.jpg 768w, https:\/\/hegymaszasoktatas.hu\/wp-content\/uploads\/2023\/08\/IMG_1546-1152x1536.jpg 1152w, https:\/\/hegymaszasoktatas.hu\/wp-content\/uploads\/2023\/08\/IMG_1546-1536x2048.jpg 1536w, https:\/\/hegymaszasoktatas.hu\/wp-content\/uploads\/2023\/08\/IMG_1546-600x800.jpg 600w, https:\/\/hegymaszasoktatas.hu\/wp-content\/uploads\/2023\/08\/IMG_1546-1200x1600.jpg 1200w\" sizes=\"auto, (max-width: 1920px) 100vw, 1920px\" \/>\t\t\t\t\t<\/div>\n\t\t\t\t\t\t\t\t\t<\/div>\n\t\t\t<\/div>\n\t\t\t\t\t<\/li>\n\t\t<\/ul>\t\t\t\t<ol class=\"sow-slider-pagination\">\n\t\t\t\t\t\t\t\t\t\t\t<li><a href=\"#\" data-goto=\"0\" aria-label=\"Display slide 1\"><\/a><\/li>\n\t\t\t\t\t\t\t\t\t\t\t<li><a href=\"#\" data-goto=\"1\" aria-label=\"Display slide 2\"><\/a><\/li>\n\t\t\t\t\t\t\t\t\t\t\t<li><a href=\"#\" data-goto=\"2\" aria-label=\"Display slide 3\"><\/a><\/li>\n\t\t\t\t\t\t\t\t\t\t\t<li><a href=\"#\" data-goto=\"3\" aria-label=\"Display slide 4\"><\/a><\/li>\n\t\t\t\t\t\t\t\t\t\t\t<li><a href=\"#\" data-goto=\"4\" aria-label=\"Display slide 5\"><\/a><\/li>\n\t\t\t\t\t\t\t\t\t\t\t<li><a href=\"#\" data-goto=\"5\" aria-label=\"Display slide 6\"><\/a><\/li>\n\t\t\t\t\t\t\t\t\t<\/ol>\n\n\t\t\t\t<div class=\"sow-slide-nav sow-slide-nav-next\">\n\t\t\t\t\t<a href=\"#\" data-goto=\"next\" aria-label=\"Next slide\" data-action=\"next\">\n\t\t\t\t\t\t<em class=\"sow-sld-icon-thin-right\"><\/em>\n\t\t\t\t\t<\/a>\n\t\t\t\t<\/div>\n\n\t\t\t\t<div class=\"sow-slide-nav sow-slide-nav-prev\">\n\t\t\t\t\t<a href=\"#\" data-goto=\"previous\" aria-label=\"Previous slide\" data-action=\"prev\">\n\t\t\t\t\t\t<em class=\"sow-sld-icon-thin-left\"><\/em>\n\t\t\t\t\t<\/a>\n\t\t\t\t<\/div>\n\t\t\t\t<\/div><\/div><\/div><\/div><div id=\"pgc-31-0-1\"  class=\"panel-grid-cell\" ><div id=\"panel-31-0-1-0\" class=\"so-panel widget widget_text panel-first-child panel-last-child\" data-index=\"1\" ><h3 class=\"widget-title\">VIA FERRATA<\/h3>\t\t\t<div class=\"textwidget\"><div class=\"lsow-team-member-details\">A via ferrata, vagyis dr\u00f3tsodronyokkal \u00e9s l\u00e1ncokkal, l\u00e9tr\u00e1kkal biztos\u00edtott kitett terepen val\u00f3 mozg\u00e1s egyre nagyobb n\u00e9pszer\u0171s\u00e9gnek \u00f6rvend, k\u00f6sz\u00f6nhet\u0151en a j\u00f3 megk\u00f6zel\u00edthet\u0151s\u00e9gnek, hogy b\u00e1rki sz\u00e1m\u00e1ra viszonylag kev\u00e9s technikai tud\u00e1ssal el\u00e9rhet\u0151 m\u00e9gis hatalmas kih\u00edv\u00e1sokat \u00e9s kalandot hordoz mag\u00e1ban. A felszerel\u00e9sig\u00e9nye viszonylag csek\u00e9ly, r\u00e1ad\u00e1sul ha hozz\u00e1nk j\u00f6ssz k\u00e9pz\u00e9sre, biztos\u00edtjuk sz\u00e1modra a sz\u00fcks\u00e9ges felszerel\u00e9st vagy seg\u00edt\u00fcnk a kiv\u00e1laszt\u00e1s\u00e1ban, ha saj\u00e1tot szeretn\u00e9l. Ezek az \u00fatvonalak a bel\u00e9p\u0151k a hegyek vil\u00e1g\u00e1ba \u00e9s sz\u00e1muk egyre szaporodik eur\u00f3pa szerte, teh\u00e1t k\u00f6nnyen kalandoss\u00e1 tehet egy \u00e1tlagos h\u00e9tv\u00e9g\u00e9t.<\/div>\n<div>\n<div><\/div>\n<div>A meghirdetett tanfolyamokon k\u00edv\u00fcl csoportok megkeres\u00e9s\u00e9re egy\u00e9ni k\u00e9pz\u00e9sekre is van lehet\u0151s\u00e9g!<\/div>\n<\/div>\n<\/div>\n\t\t<\/div><\/div><\/div><div id=\"pg-31-1\"  class=\"panel-grid panel-no-style\" ><div id=\"pgc-31-1-0\"  class=\"panel-grid-cell\" ><div id=\"panel-31-1-0-0\" class=\"so-panel widget widget_sow-price-table panel-first-child panel-last-child\" data-index=\"2\" ><div\n\t\t\t\n\t\t\tclass=\"so-widget-sow-price-table so-widget-sow-price-table-atom-40613d408f13-31\"\n\t\t\t\n\t\t>\n<h3 class=\"widget-title\">Jelenleg el\u00e9rhet\u0151 k\u00e9pz\u00e9seink \u00e9s t\u00far\u00e1ink<\/h3>\n<div class=\"ow-pt-columns-atom\">\n\n\t\t\t<div class=\"ow-pt-column ow-pt-first ow-pt-even\"\n\t\t\tstyle=\"width: 50%\">\n\t\t\t<div class=\"ow-pt-title\">\n\t\t\t\tK\u00e9t napos Via Ferrata \u00e9lm\u00e9ny az Alacsony- T\u00e1tr\u00e1ban\u2013 Skalka &amp; HZS!\t\t\t\t\t\t\t\t\t<div class=\"ow-pt-subtitle\">\n\t\t\t\t\t\tJ\u00falius 25-26.\t\t\t\t\t<\/div>\n\t\t\t\t\t\t\t<\/div>\n\n\t\t\t<div class=\"ow-pt-details\">\n\t\t\t\t<div class=\"ow-pt-price\">\n\t\t\t\t\t\t\t\t\t<\/div>\n\t\t\t\t\t\t\t\t<div class=\"ow-pt-per\"><\/div>\n\t\t\t<\/div>\n\n\t\t\t\t\t\t\t<div class=\"ow-pt-image\">\n\t\t\t\t\t<img decoding=\"async\" src=\"https:\/\/hegymaszasoktatas.hu\/wp-content\/uploads\/2026\/03\/openart-image_baGwz54u_1773077355228_raw.jpg\" srcset=\"https:\/\/hegymaszasoktatas.hu\/wp-content\/uploads\/2026\/03\/openart-image_baGwz54u_1773077355228_raw.jpg 2304w, https:\/\/hegymaszasoktatas.hu\/wp-content\/uploads\/2026\/03\/openart-image_baGwz54u_1773077355228_raw-300x225.jpg 300w, https:\/\/hegymaszasoktatas.hu\/wp-content\/uploads\/2026\/03\/openart-image_baGwz54u_1773077355228_raw-1024x768.jpg 1024w, https:\/\/hegymaszasoktatas.hu\/wp-content\/uploads\/2026\/03\/openart-image_baGwz54u_1773077355228_raw-768x576.jpg 768w, https:\/\/hegymaszasoktatas.hu\/wp-content\/uploads\/2026\/03\/openart-image_baGwz54u_1773077355228_raw-1536x1152.jpg 1536w, https:\/\/hegymaszasoktatas.hu\/wp-content\/uploads\/2026\/03\/openart-image_baGwz54u_1773077355228_raw-2048x1536.jpg 2048w, https:\/\/hegymaszasoktatas.hu\/wp-content\/uploads\/2026\/03\/openart-image_baGwz54u_1773077355228_raw-400x300.jpg 400w\" sizes=\"(max-width: 2304px) 100vw, 2304px\"\/> \t\t\t\t<\/div>\n\t\t\t\n\t\t\t<div class=\"ow-pt-features\">\n\t\t\t\t\t\t\t<\/div>\n\n\t\t\t\t\t\t\t<div class=\"ow-pt-button\">\n\t\t\t\t\t<a\n\t\t\t\t\t\thref=\"https:\/\/hegymaszasoktatas.hu\/?p=932\"\n\t\t\t\t\t\tclass=\"ow-pt-link\" \t\t\t\t\t>Megn\u00e9zem<\/a>\n\t\t\t\t<\/div>\n\t\t\t\t\t<\/div>\n\t\t\t\t<div class=\"ow-pt-column ow-pt-last ow-pt-odd\"\n\t\t\tstyle=\"width: 50%\">\n\t\t\t<div class=\"ow-pt-title\">\n\t\t\t\t\t\t\t\t\t\t\t<\/div>\n\n\t\t\t<div class=\"ow-pt-details\">\n\t\t\t\t<div class=\"ow-pt-price\">\n\t\t\t\t\t\t\t\t\t<\/div>\n\t\t\t\t\t\t\t\t<div class=\"ow-pt-per\"><\/div>\n\t\t\t<\/div>\n\n\t\t\t\n\t\t\t<div class=\"ow-pt-features\">\n\t\t\t\t\t\t\t<\/div>\n\n\t\t\t\t\t<\/div>\n\t\t<\/div>\n<\/div><\/div><\/div><\/div><div id=\"pg-31-2\"  class=\"panel-grid panel-no-style\" ><div id=\"pgc-31-2-0\"  class=\"panel-grid-cell\" ><div id=\"panel-31-2-0-0\" class=\"so-panel widget widget_sow-editor panel-first-child\" data-index=\"3\" ><div\n\t\t\t\n\t\t\tclass=\"so-widget-sow-editor so-widget-sow-editor-base\"\n\t\t\t\n\t\t>\n<div class=\"siteorigin-widget-tinymce textwidget\">\n\t<figure class=\"wp-block-embed wp-block-embed-youtube is-type-video is-provider-youtube epyt-figure\"><div class=\"wp-block-embed__wrapper\"><iframe loading=\"lazy\"  id=\"_ytid_61788\"  width=\"1032\" height=\"580\"  data-origwidth=\"1032\" data-origheight=\"580\" src=\"https:\/\/www.youtube.com\/embed\/TaoLTxH3NPM?enablejsapi=1&autoplay=0&cc_load_policy=0&cc_lang_pref=&iv_load_policy=1&loop=0&rel=1&fs=1&playsinline=0&autohide=2&theme=dark&color=red&controls=1&disablekb=0&\" class=\"__youtube_prefs__  no-lazyload\" title=\"YouTube player\"  allow=\"fullscreen; accelerometer; autoplay; clipboard-write; encrypted-media; gyroscope; picture-in-picture; web-share\" referrerpolicy=\"strict-origin-when-cross-origin\" allowfullscreen data-no-lazy=\"1\" data-skipgform_ajax_framebjll=\"\"><\/iframe><\/div><\/figure>\n<\/div>\n<\/div><\/div><div id=\"panel-31-2-0-1\" class=\"so-panel widget widget_sow-button panel-last-child\" data-index=\"4\" ><div\n\t\t\t\n\t\t\tclass=\"so-widget-sow-button so-widget-sow-button-flat-f54c0409268f-31\"\n\t\t\t\n\t\t><div class=\"ow-button-base ow-button-align-center\"\n>\n\t\t\t<a\n\t\t\t\t\thref=\"https:\/\/www.youtube.com\/@hegymaszasoktatas\"\n\t\t\t\t\tclass=\"sowb-button ow-icon-placement-left ow-button-hover\" \t>\n\t\t<span>\n\t\t\t\n\t\t\tMegn\u00e9zem a t\u00f6bbi vide\u00f3t is\t\t<\/span>\n\t\t\t<\/a>\n\t<\/div>\n<\/div><\/div><\/div><\/div><\/div>","protected":false},"excerpt":{"rendered":"<p>A via ferrata, vagyis dr\u00f3tsodronyokkal \u00e9s l\u00e1ncokkal, l\u00e9tr\u00e1kkal biztos\u00edtott kitett terepen val\u00f3 mozg\u00e1s egyre nagyobb n\u00e9pszer\u0171s\u00e9gnek \u00f6rvend, k\u00f6sz\u00f6nhet\u0151en a j\u00f3 megk\u00f6zel\u00edthet\u0151s\u00e9gnek, hogy b\u00e1rki sz\u00e1m\u00e1ra viszonylag &hellip;<\/p>\n","protected":false},"author":1,"featured_media":0,"parent":0,"menu_order":0,"comment_status":"closed","ping_status":"closed","template":"","meta":{"footnotes":""},"class_list":["post-31","page","type-page","status-publish","hentry"],"yoast_head":"<!-- This site is optimized with the Yoast SEO plugin v27.5 - https:\/\/yoast.com\/product\/yoast-seo-wordpress\/ -->\n<title>Via Ferrata - M\u00e1sz\u00e1soktat\u00e1s<\/title>\n<meta name=\"robots\" content=\"index, follow, max-snippet:-1, max-image-preview:large, max-video-preview:-1\" \/>\n<link rel=\"canonical\" href=\"https:\/\/hegymaszasoktatas.hu\/?page_id=31\" \/>\n<meta property=\"og:locale\" content=\"hu_HU\" \/>\n<meta property=\"og:type\" content=\"article\" \/>\n<meta property=\"og:title\" content=\"Via Ferrata - M\u00e1sz\u00e1soktat\u00e1s\" \/>\n<meta property=\"og:description\" content=\"A via ferrata, vagyis dr\u00f3tsodronyokkal \u00e9s l\u00e1ncokkal, l\u00e9tr\u00e1kkal biztos\u00edtott kitett terepen val\u00f3 mozg\u00e1s egyre nagyobb n\u00e9pszer\u0171s\u00e9gnek \u00f6rvend, k\u00f6sz\u00f6nhet\u0151en a j\u00f3 megk\u00f6zel\u00edthet\u0151s\u00e9gnek, hogy b\u00e1rki sz\u00e1m\u00e1ra viszonylag &hellip;\" \/>\n<meta property=\"og:url\" content=\"https:\/\/hegymaszasoktatas.hu\/?page_id=31\" \/>\n<meta property=\"og:site_name\" content=\"M\u00e1sz\u00e1soktat\u00e1s\" \/>\n<meta property=\"article:publisher\" content=\"https:\/\/www.facebook.com\/climbingeducation\/\" \/>\n<meta property=\"article:modified_time\" content=\"2026-03-09T17:33:54+00:00\" \/>\n<meta name=\"twitter:card\" content=\"summary_large_image\" \/>\n<meta name=\"twitter:label1\" content=\"Becs\u00fclt olvas\u00e1si id\u0151\" \/>\n\t<meta name=\"twitter:data1\" content=\"3 perc\" \/>\n<script type=\"application\/ld+json\" class=\"yoast-schema-graph\">{\"@context\":\"https:\\\/\\\/schema.org\",\"@graph\":[{\"@type\":\"WebPage\",\"@id\":\"https:\\\/\\\/hegymaszasoktatas.hu\\\/?page_id=31\",\"url\":\"https:\\\/\\\/hegymaszasoktatas.hu\\\/?page_id=31\",\"name\":\"Via Ferrata - M\u00e1sz\u00e1soktat\u00e1s\",\"isPartOf\":{\"@id\":\"https:\\\/\\\/hegymaszasoktatas.hu\\\/#website\"},\"datePublished\":\"2023-08-27T06:40:22+00:00\",\"dateModified\":\"2026-03-09T17:33:54+00:00\",\"breadcrumb\":{\"@id\":\"https:\\\/\\\/hegymaszasoktatas.hu\\\/?page_id=31#breadcrumb\"},\"inLanguage\":\"hu\",\"potentialAction\":[{\"@type\":\"ReadAction\",\"target\":[\"https:\\\/\\\/hegymaszasoktatas.hu\\\/?page_id=31\"]}]},{\"@type\":\"BreadcrumbList\",\"@id\":\"https:\\\/\\\/hegymaszasoktatas.hu\\\/?page_id=31#breadcrumb\",\"itemListElement\":[{\"@type\":\"ListItem\",\"position\":1,\"name\":\"Kezd\u0151lap\",\"item\":\"https:\\\/\\\/hegymaszasoktatas.hu\\\/\"},{\"@type\":\"ListItem\",\"position\":2,\"name\":\"Via Ferrata\"}]},{\"@type\":\"WebSite\",\"@id\":\"https:\\\/\\\/hegymaszasoktatas.hu\\\/#website\",\"url\":\"https:\\\/\\\/hegymaszasoktatas.hu\\\/\",\"name\":\"M\u00e1sz\u00e1soktat\u00e1s\",\"description\":\"Minden l\u00e9p\u00e9s tan\u00edt, minden cs\u00facs inspir\u00e1l\",\"publisher\":{\"@id\":\"https:\\\/\\\/hegymaszasoktatas.hu\\\/#organization\"},\"potentialAction\":[{\"@type\":\"SearchAction\",\"target\":{\"@type\":\"EntryPoint\",\"urlTemplate\":\"https:\\\/\\\/hegymaszasoktatas.hu\\\/?s={search_term_string}\"},\"query-input\":{\"@type\":\"PropertyValueSpecification\",\"valueRequired\":true,\"valueName\":\"search_term_string\"}}],\"inLanguage\":\"hu\"},{\"@type\":\"Organization\",\"@id\":\"https:\\\/\\\/hegymaszasoktatas.hu\\\/#organization\",\"name\":\"M\u00e1sz\u00e1soktat\u00e1s\",\"url\":\"https:\\\/\\\/hegymaszasoktatas.hu\\\/\",\"logo\":{\"@type\":\"ImageObject\",\"inLanguage\":\"hu\",\"@id\":\"https:\\\/\\\/hegymaszasoktatas.hu\\\/#\\\/schema\\\/logo\\\/image\\\/\",\"url\":\"https:\\\/\\\/hegymaszasoktatas.hu\\\/wp-content\\\/uploads\\\/2023\\\/08\\\/cropped-FullLogo_Transparent_NoBuffer.png\",\"contentUrl\":\"https:\\\/\\\/hegymaszasoktatas.hu\\\/wp-content\\\/uploads\\\/2023\\\/08\\\/cropped-FullLogo_Transparent_NoBuffer.png\",\"width\":1279,\"height\":1043,\"caption\":\"M\u00e1sz\u00e1soktat\u00e1s\"},\"image\":{\"@id\":\"https:\\\/\\\/hegymaszasoktatas.hu\\\/#\\\/schema\\\/logo\\\/image\\\/\"},\"sameAs\":[\"https:\\\/\\\/www.facebook.com\\\/climbingeducation\\\/\"]}]}<\/script>\n<!-- \/ Yoast SEO plugin. -->","yoast_head_json":{"title":"Via Ferrata - M\u00e1sz\u00e1soktat\u00e1s","robots":{"index":"index","follow":"follow","max-snippet":"max-snippet:-1","max-image-preview":"max-image-preview:large","max-video-preview":"max-video-preview:-1"},"canonical":"https:\/\/hegymaszasoktatas.hu\/?page_id=31","og_locale":"hu_HU","og_type":"article","og_title":"Via Ferrata - M\u00e1sz\u00e1soktat\u00e1s","og_description":"A via ferrata, vagyis dr\u00f3tsodronyokkal \u00e9s l\u00e1ncokkal, l\u00e9tr\u00e1kkal biztos\u00edtott kitett terepen val\u00f3 mozg\u00e1s egyre nagyobb n\u00e9pszer\u0171s\u00e9gnek \u00f6rvend, k\u00f6sz\u00f6nhet\u0151en a j\u00f3 megk\u00f6zel\u00edthet\u0151s\u00e9gnek, hogy b\u00e1rki sz\u00e1m\u00e1ra viszonylag &hellip;","og_url":"https:\/\/hegymaszasoktatas.hu\/?page_id=31","og_site_name":"M\u00e1sz\u00e1soktat\u00e1s","article_publisher":"https:\/\/www.facebook.com\/climbingeducation\/","article_modified_time":"2026-03-09T17:33:54+00:00","twitter_card":"summary_large_image","twitter_misc":{"Becs\u00fclt olvas\u00e1si id\u0151":"3 perc"},"schema":{"@context":"https:\/\/schema.org","@graph":[{"@type":"WebPage","@id":"https:\/\/hegymaszasoktatas.hu\/?page_id=31","url":"https:\/\/hegymaszasoktatas.hu\/?page_id=31","name":"Via Ferrata - M\u00e1sz\u00e1soktat\u00e1s","isPartOf":{"@id":"https:\/\/hegymaszasoktatas.hu\/#website"},"datePublished":"2023-08-27T06:40:22+00:00","dateModified":"2026-03-09T17:33:54+00:00","breadcrumb":{"@id":"https:\/\/hegymaszasoktatas.hu\/?page_id=31#breadcrumb"},"inLanguage":"hu","potentialAction":[{"@type":"ReadAction","target":["https:\/\/hegymaszasoktatas.hu\/?page_id=31"]}]},{"@type":"BreadcrumbList","@id":"https:\/\/hegymaszasoktatas.hu\/?page_id=31#breadcrumb","itemListElement":[{"@type":"ListItem","position":1,"name":"Kezd\u0151lap","item":"https:\/\/hegymaszasoktatas.hu\/"},{"@type":"ListItem","position":2,"name":"Via Ferrata"}]},{"@type":"WebSite","@id":"https:\/\/hegymaszasoktatas.hu\/#website","url":"https:\/\/hegymaszasoktatas.hu\/","name":"M\u00e1sz\u00e1soktat\u00e1s","description":"Minden l\u00e9p\u00e9s tan\u00edt, minden cs\u00facs inspir\u00e1l","publisher":{"@id":"https:\/\/hegymaszasoktatas.hu\/#organization"},"potentialAction":[{"@type":"SearchAction","target":{"@type":"EntryPoint","urlTemplate":"https:\/\/hegymaszasoktatas.hu\/?s={search_term_string}"},"query-input":{"@type":"PropertyValueSpecification","valueRequired":true,"valueName":"search_term_string"}}],"inLanguage":"hu"},{"@type":"Organization","@id":"https:\/\/hegymaszasoktatas.hu\/#organization","name":"M\u00e1sz\u00e1soktat\u00e1s","url":"https:\/\/hegymaszasoktatas.hu\/","logo":{"@type":"ImageObject","inLanguage":"hu","@id":"https:\/\/hegymaszasoktatas.hu\/#\/schema\/logo\/image\/","url":"https:\/\/hegymaszasoktatas.hu\/wp-content\/uploads\/2023\/08\/cropped-FullLogo_Transparent_NoBuffer.png","contentUrl":"https:\/\/hegymaszasoktatas.hu\/wp-content\/uploads\/2023\/08\/cropped-FullLogo_Transparent_NoBuffer.png","width":1279,"height":1043,"caption":"M\u00e1sz\u00e1soktat\u00e1s"},"image":{"@id":"https:\/\/hegymaszasoktatas.hu\/#\/schema\/logo\/image\/"},"sameAs":["https:\/\/www.facebook.com\/climbingeducation\/"]}]}},"featured_media_urls":[],"_links":{"self":[{"href":"https:\/\/hegymaszasoktatas.hu\/index.php?rest_route=\/wp\/v2\/pages\/31","targetHints":{"allow":["GET"]}}],"collection":[{"href":"https:\/\/hegymaszasoktatas.hu\/index.php?rest_route=\/wp\/v2\/pages"}],"about":[{"href":"https:\/\/hegymaszasoktatas.hu\/index.php?rest_route=\/wp\/v2\/types\/page"}],"author":[{"embeddable":true,"href":"https:\/\/hegymaszasoktatas.hu\/index.php?rest_route=\/wp\/v2\/users\/1"}],"replies":[{"embeddable":true,"href":"https:\/\/hegymaszasoktatas.hu\/index.php?rest_route=%2Fwp%2Fv2%2Fcomments&post=31"}],"version-history":[{"count":32,"href":"https:\/\/hegymaszasoktatas.hu\/index.php?rest_route=\/wp\/v2\/pages\/31\/revisions"}],"predecessor-version":[{"id":938,"href":"https:\/\/hegymaszasoktatas.hu\/index.php?rest_route=\/wp\/v2\/pages\/31\/revisions\/938"}],"wp:attachment":[{"href":"https:\/\/hegymaszasoktatas.hu\/index.php?rest_route=%2Fwp%2Fv2%2Fmedia&parent=31"}],"curies":[{"name":"wp","href":"https:\/\/api.w.org\/{rel}","templated":true}]}}